{"id":1830,"date":"2024-01-23T14:08:14","date_gmt":"2024-01-23T19:08:14","guid":{"rendered":"http:\/\/fusiondg.ca\/mmd\/pessoas\/historia-do-siga\/"},"modified":"2024-04-23T10:34:01","modified_gmt":"2024-04-23T14:34:01","slug":"historia-do-siga","status":"publish","type":"page","link":"https:\/\/mmdsteel.com\/pt-pt\/pessoas\/historia-do-siga\/","title":{"rendered":"A hist\u00f3ria de Siga"},"content":{"rendered":"\t\t<div data-elementor-type=\"wp-page\" data-elementor-id=\"1830\" class=\"elementor elementor-1830 elementor-926\" data-elementor-post-type=\"page\">\n\t\t\t\t<div class=\"elementor-element elementor-element-b69b5ee e-flex e-con-boxed e-con e-parent\" data-id=\"b69b5ee\" data-element_type=\"container\" data-settings=\"{&quot;background_background&quot;:&quot;classic&quot;,&quot;jet_parallax_layout_list&quot;:[]}\">\n\t\t\t\t\t<div class=\"e-con-inner\">\n\t\t\t\t<div class=\"elementor-element elementor-element-1656ea4 back__btn elementor-invisible elementor-widget elementor-widget-heading\" data-id=\"1656ea4\" data-element_type=\"widget\" data-settings=\"{&quot;_animation&quot;:&quot;fadeIn&quot;}\" data-widget_type=\"heading.default\">\n\t\t\t\t<div class=\"elementor-widget-container\">\n\t\t\t\t\t<span class=\"elementor-heading-title elementor-size-default\"><a href=\"http:\/\/mmdsteel.com\/pt-pt\/pessoas\/\"><i>Voltar<\/i><\/a><\/span>\t\t\t\t<\/div>\n\t\t\t\t<\/div>\n\t\t\t\t\t<\/div>\n\t\t\t\t<\/div>\n\t\t<div class=\"elementor-element elementor-element-98c69b7 e-con-full e-flex elementor-invisible e-con e-parent\" data-id=\"98c69b7\" data-element_type=\"container\" data-settings=\"{&quot;background_background&quot;:&quot;classic&quot;,&quot;animation&quot;:&quot;fadeIn&quot;,&quot;animation_delay&quot;:0.6,&quot;jet_parallax_layout_list&quot;:[]}\">\n\t\t<div class=\"elementor-element elementor-element-0b3ce14 e-con-full e-flex e-con e-child\" data-id=\"0b3ce14\" data-element_type=\"container\" data-settings=\"{&quot;jet_parallax_layout_list&quot;:[]}\">\n\t\t\t\t<div class=\"elementor-element elementor-element-f4aa92c elementor-invisible elementor-widget elementor-widget-image\" data-id=\"f4aa92c\" data-element_type=\"widget\" data-settings=\"{&quot;_animation&quot;:&quot;fadeIn&quot;,&quot;_animation_delay&quot;:1.2}\" data-widget_type=\"image.default\">\n\t\t\t\t<div class=\"elementor-widget-container\">\n\t\t\t\t\t\t\t\t\t\t\t\t\t\t\t<img fetchpriority=\"high\" decoding=\"async\" width=\"722\" height=\"738\" src=\"https:\/\/mmdsteel.com\/wp-content\/uploads\/2024\/01\/siga_2.png\" class=\"attachment-full size-full wp-image-1831\" alt=\"\" srcset=\"https:\/\/mmdsteel.com\/wp-content\/uploads\/2024\/01\/siga_2.png 722w, https:\/\/mmdsteel.com\/wp-content\/uploads\/2024\/01\/siga_2-293x300.png 293w\" sizes=\"(max-width: 722px) 100vw, 722px\" \/>\t\t\t\t\t\t\t\t\t\t\t\t\t\t\t<\/div>\n\t\t\t\t<\/div>\n\t\t\t\t<\/div>\n\t\t<div class=\"elementor-element elementor-element-292dc5a e-con-full e-flex e-con e-child\" data-id=\"292dc5a\" data-element_type=\"container\" data-settings=\"{&quot;jet_parallax_layout_list&quot;:[]}\">\n\t\t\t\t<div class=\"elementor-element elementor-element-7b1c434 elementor-widget elementor-widget-heading\" data-id=\"7b1c434\" data-element_type=\"widget\" data-widget_type=\"heading.default\">\n\t\t\t\t<div class=\"elementor-widget-container\">\n\t\t\t\t\t<h1 class=\"elementor-heading-title elementor-size-default\">Siga Sakho<\/h1>\t\t\t\t<\/div>\n\t\t\t\t<\/div>\n\t\t\t\t<div class=\"elementor-element elementor-element-c0d2ed2 elementor-widget elementor-widget-text-editor\" data-id=\"c0d2ed2\" data-element_type=\"widget\" data-widget_type=\"text-editor.default\">\n\t\t\t\t<div class=\"elementor-widget-container\">\n\t\t\t\t\t\t\t\t\t<p>SENEGALESA<\/p>\n<p>FABRIMETAL SENEGAL<\/p>\n<p>MARKETING, COMUNICA\u00c7\u00c3O, VENDAS<\/p>\n\t\t\t\t\t\t\t\t<\/div>\n\t\t\t\t<\/div>\n\t\t\t\t<\/div>\n\t\t\t\t<\/div>\n\t\t<div class=\"elementor-element elementor-element-0f041f3 e-con-full e-flex e-con e-parent\" data-id=\"0f041f3\" data-element_type=\"container\" data-settings=\"{&quot;jet_parallax_layout_list&quot;:[]}\">\n\t\t<div class=\"elementor-element elementor-element-26f1aef e-con-full e-flex elementor-invisible e-con e-child\" data-id=\"26f1aef\" data-element_type=\"container\" data-settings=\"{&quot;animation&quot;:&quot;fadeIn&quot;,&quot;animation_delay&quot;:0.6,&quot;jet_parallax_layout_list&quot;:[]}\">\n\t\t\t\t<div class=\"elementor-element elementor-element-aaa53b0 elementor-widget elementor-widget-heading\" data-id=\"aaa53b0\" data-element_type=\"widget\" data-widget_type=\"heading.default\">\n\t\t\t\t<div class=\"elementor-widget-container\">\n\t\t\t\t\t<h4 class=\"elementor-heading-title elementor-size-default\">A mensagem<br> que quero deixar \u00e9<\/h4>\t\t\t\t<\/div>\n\t\t\t\t<\/div>\n\t\t\t\t<div class=\"elementor-element elementor-element-a668f05 elementor-widget elementor-widget-heading\" data-id=\"a668f05\" data-element_type=\"widget\" data-widget_type=\"heading.default\">\n\t\t\t\t<div class=\"elementor-widget-container\">\n\t\t\t\t\t<h3 class=\"elementor-heading-title elementor-size-default\">D\u00ea o seu melhor para alcan\u00e7ar o seu sonhoD\u00ea o melhor de si para realizar o seu sonho. Procure compreender. Tenha boas inten\u00e7\u00f5es. Prefira o otimismo. Facilite. Fa\u00e7a. Aprenda Partilhe. Fa\u00e7a tudo de novo.<\/h3>\t\t\t\t<\/div>\n\t\t\t\t<\/div>\n\t\t\t\t<\/div>\n\t\t<div class=\"elementor-element elementor-element-fc62e9e e-con-full e-flex elementor-invisible e-con e-child\" data-id=\"fc62e9e\" data-element_type=\"container\" data-settings=\"{&quot;animation&quot;:&quot;fadeIn&quot;,&quot;jet_parallax_layout_list&quot;:[]}\">\n\t\t<div class=\"elementor-element elementor-element-ca298d2 e-flex e-con-boxed elementor-invisible e-con e-child\" data-id=\"ca298d2\" data-element_type=\"container\" data-settings=\"{&quot;animation&quot;:&quot;fadeIn&quot;,&quot;animation_delay&quot;:0.6,&quot;jet_parallax_layout_list&quot;:[]}\">\n\t\t\t\t\t<div class=\"e-con-inner\">\n\t\t\t\t<div class=\"elementor-element elementor-element-630326a elementor-widget elementor-widget-heading\" data-id=\"630326a\" data-element_type=\"widget\" data-widget_type=\"heading.default\">\n\t\t\t\t<div class=\"elementor-widget-container\">\n\t\t\t\t\t<h4 class=\"elementor-heading-title elementor-size-default\">O que a levou a trabalhar para o Grupo MMD?<\/h4>\t\t\t\t<\/div>\n\t\t\t\t<\/div>\n\t\t\t\t<div class=\"elementor-element elementor-element-c4c93ad elementor-widget elementor-widget-text-editor\" data-id=\"c4c93ad\" data-element_type=\"widget\" data-widget_type=\"text-editor.default\">\n\t\t\t\t<div class=\"elementor-widget-container\">\n\t\t\t\t\t\t\t\t\t<p>Nasci numa fam\u00edlia de pessoas competitivas, dedicadas ao seu pa\u00eds. O meu pai costumava dizer-nos que a nossa vida profissional devia ter um significado para a nossa na\u00e7\u00e3o. Todos os membros da minha fam\u00edlia escolheram profiss\u00f5es que contribuem para o desenvolvimento econ\u00f3mico do nosso pa\u00eds.<\/p>\n<p>Quando fiz uma entrevista na Fabrimetal S\u00e9n\u00e9gal, ouvi o eco da voz do meu pai \u2014 nunca imaginei encontrar homens e mulheres com um tal sentido de patriotismo. Com um brilho nos olhos, decidi que queria fazer parte deste projeto ambicioso e desta grande aventura.<\/p>\n\t\t\t\t\t\t\t\t<\/div>\n\t\t\t\t<\/div>\n\t\t\t\t\t<\/div>\n\t\t\t\t<\/div>\n\t\t<div class=\"elementor-element elementor-element-208a5d0 e-flex e-con-boxed elementor-invisible e-con e-child\" data-id=\"208a5d0\" data-element_type=\"container\" data-settings=\"{&quot;animation&quot;:&quot;fadeIn&quot;,&quot;animation_delay&quot;:1.2,&quot;jet_parallax_layout_list&quot;:[]}\">\n\t\t\t\t\t<div class=\"e-con-inner\">\n\t\t\t\t<div class=\"elementor-element elementor-element-ec92f61 elementor-widget elementor-widget-heading\" data-id=\"ec92f61\" data-element_type=\"widget\" data-widget_type=\"heading.default\">\n\t\t\t\t<div class=\"elementor-widget-container\">\n\t\t\t\t\t<h4 class=\"elementor-heading-title elementor-size-default\">Qual \u00e9 a sua fun\u00e7\u00e3o atual?<\/h4>\t\t\t\t<\/div>\n\t\t\t\t<\/div>\n\t\t\t\t<div class=\"elementor-element elementor-element-964c28b elementor-widget elementor-widget-text-editor\" data-id=\"964c28b\" data-element_type=\"widget\" data-widget_type=\"text-editor.default\">\n\t\t\t\t<div class=\"elementor-widget-container\">\n\t\t\t\t\t\t\t\t\t<p>Trabalho com pessoas de diferentes forma\u00e7\u00f5es em toda a Fabrimetal para fornecer produtos que excedem os padr\u00f5es internacionais. Trabalhamos em conjunto para alcan\u00e7ar a vis\u00e3o do grupo, respeitando os nossos valores comuns: integridade, gera\u00e7\u00e3o de empregos, riqueza econ\u00f3mica e respeito pelo meio ambiente.<\/p>\n\t\t\t\t\t\t\t\t<\/div>\n\t\t\t\t<\/div>\n\t\t\t\t\t<\/div>\n\t\t\t\t<\/div>\n\t\t<div class=\"elementor-element elementor-element-c3bc1b7 e-flex e-con-boxed elementor-invisible e-con e-child\" data-id=\"c3bc1b7\" data-element_type=\"container\" data-settings=\"{&quot;animation&quot;:&quot;fadeIn&quot;,&quot;animation_delay&quot;:0.6,&quot;jet_parallax_layout_list&quot;:[]}\">\n\t\t\t\t\t<div class=\"e-con-inner\">\n\t\t\t\t<div class=\"elementor-element elementor-element-349e44c elementor-widget elementor-widget-heading\" data-id=\"349e44c\" data-element_type=\"widget\" data-widget_type=\"heading.default\">\n\t\t\t\t<div class=\"elementor-widget-container\">\n\t\t\t\t\t<h4 class=\"elementor-heading-title elementor-size-default\">Como \u00e9 o seu dia t\u00edpico?<\/h4>\t\t\t\t<\/div>\n\t\t\t\t<\/div>\n\t\t\t\t<div class=\"elementor-element elementor-element-803f02e elementor-widget elementor-widget-text-editor\" data-id=\"803f02e\" data-element_type=\"widget\" data-widget_type=\"text-editor.default\">\n\t\t\t\t<div class=\"elementor-widget-container\">\n\t\t\t\t\t\t\t\t\t<p>Os meus dias n\u00e3o s\u00e3o iguais e \u00e9 isso que torna o meu trabalho emocionante. Todos os dias s\u00e3o um desafio. Trabalhamos todo o tempo para responder \u00e0s exig\u00eancias do mercado. Tenho orgulho em promover uma marca e produtos que criam valores e uma verdadeira economia circular para o Senegal.<\/p>\n\t\t\t\t\t\t\t\t<\/div>\n\t\t\t\t<\/div>\n\t\t\t\t\t<\/div>\n\t\t\t\t<\/div>\n\t\t<div class=\"elementor-element elementor-element-db676f6 e-flex e-con-boxed elementor-invisible e-con e-child\" data-id=\"db676f6\" data-element_type=\"container\" data-settings=\"{&quot;animation&quot;:&quot;fadeIn&quot;,&quot;animation_delay&quot;:1.2,&quot;jet_parallax_layout_list&quot;:[]}\">\n\t\t\t\t\t<div class=\"e-con-inner\">\n\t\t\t\t<div class=\"elementor-element elementor-element-f57d126 elementor-widget elementor-widget-heading\" data-id=\"f57d126\" data-element_type=\"widget\" data-widget_type=\"heading.default\">\n\t\t\t\t<div class=\"elementor-widget-container\">\n\t\t\t\t\t<h4 class=\"elementor-heading-title elementor-size-default\">Qual \u00e9 a sua maior paix\u00e3o?<\/h4>\t\t\t\t<\/div>\n\t\t\t\t<\/div>\n\t\t\t\t<div class=\"elementor-element elementor-element-a017a70 elementor-widget elementor-widget-text-editor\" data-id=\"a017a70\" data-element_type=\"widget\" data-widget_type=\"text-editor.default\">\n\t\t\t\t<div class=\"elementor-widget-container\">\n\t\t\t\t\t\t\t\t\t<p>Sou apaixonada pelas pessoas&#8230; e pela pintura.<\/p>\n\t\t\t\t\t\t\t\t<\/div>\n\t\t\t\t<\/div>\n\t\t\t\t\t<\/div>\n\t\t\t\t<\/div>\n\t\t\t\t<\/div>\n\t\t\t\t<\/div>\n\t\t\t\t<\/div>\n\t\t","protected":false},"excerpt":{"rendered":"<p>Voltar Siga Sakho SENEGALESA FABRIMETAL SENEGAL MARKETING, COMUNICA\u00c7\u00c3O, VENDAS A mensagem que quero deixar \u00e9 D\u00ea o seu melhor para alcan\u00e7ar o seu sonhoD\u00ea o melhor de si para realizar o seu sonho. Procure compreender. Tenha boas inten\u00e7\u00f5es. Prefira o otimismo. Facilite. Fa\u00e7a. Aprenda Partilhe. Fa\u00e7a tudo de novo. O que a levou a trabalhar [&hellip;]<\/p>\n","protected":false},"author":1,"featured_media":0,"parent":1823,"menu_order":0,"comment_status":"closed","ping_status":"closed","template":"","meta":{"footnotes":""},"class_list":["post-1830","page","type-page","status-publish","hentry"],"_links":{"self":[{"href":"https:\/\/mmdsteel.com\/pt-pt\/wp-json\/wp\/v2\/pages\/1830","targetHints":{"allow":["GET"]}}],"collection":[{"href":"https:\/\/mmdsteel.com\/pt-pt\/wp-json\/wp\/v2\/pages"}],"about":[{"href":"https:\/\/mmdsteel.com\/pt-pt\/wp-json\/wp\/v2\/types\/page"}],"author":[{"embeddable":true,"href":"https:\/\/mmdsteel.com\/pt-pt\/wp-json\/wp\/v2\/users\/1"}],"replies":[{"embeddable":true,"href":"https:\/\/mmdsteel.com\/pt-pt\/wp-json\/wp\/v2\/comments?post=1830"}],"version-history":[{"count":5,"href":"https:\/\/mmdsteel.com\/pt-pt\/wp-json\/wp\/v2\/pages\/1830\/revisions"}],"predecessor-version":[{"id":2122,"href":"https:\/\/mmdsteel.com\/pt-pt\/wp-json\/wp\/v2\/pages\/1830\/revisions\/2122"}],"up":[{"embeddable":true,"href":"https:\/\/mmdsteel.com\/pt-pt\/wp-json\/wp\/v2\/pages\/1823"}],"wp:attachment":[{"href":"https:\/\/mmdsteel.com\/pt-pt\/wp-json\/wp\/v2\/media?parent=1830"}],"curies":[{"name":"wp","href":"https:\/\/api.w.org\/{rel}","templated":true}]}}