{"id":1828,"date":"2024-01-23T13:14:49","date_gmt":"2024-01-23T18:14:49","guid":{"rendered":"http:\/\/fusiondg.ca\/mmd\/pessoas\/historia-de-jose\/"},"modified":"2024-04-23T10:33:13","modified_gmt":"2024-04-23T14:33:13","slug":"historia-de-jose","status":"publish","type":"page","link":"https:\/\/mmdsteel.com\/pt-pt\/pessoas\/historia-de-jose\/","title":{"rendered":"A hist\u00f3ria de Jos\u00e9"},"content":{"rendered":"\t\t<div data-elementor-type=\"wp-page\" data-elementor-id=\"1828\" class=\"elementor elementor-1828 elementor-891\" data-elementor-post-type=\"page\">\n\t\t\t\t<div class=\"elementor-element elementor-element-34c5913 e-flex e-con-boxed e-con e-parent\" data-id=\"34c5913\" data-element_type=\"container\" data-settings=\"{&quot;background_background&quot;:&quot;classic&quot;,&quot;jet_parallax_layout_list&quot;:[]}\">\n\t\t\t\t\t<div class=\"e-con-inner\">\n\t\t\t\t<div class=\"elementor-element elementor-element-c9c7af6 back__btn elementor-invisible elementor-widget elementor-widget-heading\" data-id=\"c9c7af6\" data-element_type=\"widget\" data-settings=\"{&quot;_animation&quot;:&quot;fadeIn&quot;}\" data-widget_type=\"heading.default\">\n\t\t\t\t<div class=\"elementor-widget-container\">\n\t\t\t\t\t<span class=\"elementor-heading-title elementor-size-default\"><a href=\"http:\/\/mmdsteel.com\/pt-pt\/pessoas\/\"><i>Voltar<\/i><\/a><\/span>\t\t\t\t<\/div>\n\t\t\t\t<\/div>\n\t\t\t\t\t<\/div>\n\t\t\t\t<\/div>\n\t\t<div class=\"elementor-element elementor-element-70ed191 e-con-full e-flex elementor-invisible e-con e-parent\" data-id=\"70ed191\" data-element_type=\"container\" data-settings=\"{&quot;background_background&quot;:&quot;classic&quot;,&quot;animation&quot;:&quot;fadeIn&quot;,&quot;animation_delay&quot;:0.6,&quot;jet_parallax_layout_list&quot;:[]}\">\n\t\t<div class=\"elementor-element elementor-element-57ca94b e-con-full e-flex e-con e-child\" data-id=\"57ca94b\" data-element_type=\"container\" data-settings=\"{&quot;jet_parallax_layout_list&quot;:[]}\">\n\t\t\t\t<div class=\"elementor-element elementor-element-38736bb elementor-invisible elementor-widget elementor-widget-image\" data-id=\"38736bb\" data-element_type=\"widget\" data-settings=\"{&quot;_animation&quot;:&quot;fadeIn&quot;,&quot;_animation_delay&quot;:1.2}\" data-widget_type=\"image.default\">\n\t\t\t\t<div class=\"elementor-widget-container\">\n\t\t\t\t\t\t\t\t\t\t\t\t\t\t\t<img fetchpriority=\"high\" decoding=\"async\" width=\"718\" height=\"738\" src=\"https:\/\/mmdsteel.com\/wp-content\/uploads\/2023\/12\/jose-gouveia-gunza.png\" class=\"attachment-full size-full wp-image-1778\" alt=\"\" srcset=\"https:\/\/mmdsteel.com\/wp-content\/uploads\/2023\/12\/jose-gouveia-gunza.png 718w, https:\/\/mmdsteel.com\/wp-content\/uploads\/2023\/12\/jose-gouveia-gunza-292x300.png 292w\" sizes=\"(max-width: 718px) 100vw, 718px\" \/>\t\t\t\t\t\t\t\t\t\t\t\t\t\t\t<\/div>\n\t\t\t\t<\/div>\n\t\t\t\t<\/div>\n\t\t<div class=\"elementor-element elementor-element-6beaf3d e-con-full e-flex e-con e-child\" data-id=\"6beaf3d\" data-element_type=\"container\" data-settings=\"{&quot;jet_parallax_layout_list&quot;:[]}\">\n\t\t\t\t<div class=\"elementor-element elementor-element-c4a4056 elementor-widget elementor-widget-heading\" data-id=\"c4a4056\" data-element_type=\"widget\" data-widget_type=\"heading.default\">\n\t\t\t\t<div class=\"elementor-widget-container\">\n\t\t\t\t\t<h1 class=\"elementor-heading-title elementor-size-default\">Jos\u00e9 Gouveia Gunza<\/h1>\t\t\t\t<\/div>\n\t\t\t\t<\/div>\n\t\t\t\t<div class=\"elementor-element elementor-element-ee2f5ed elementor-widget elementor-widget-text-editor\" data-id=\"ee2f5ed\" data-element_type=\"widget\" data-widget_type=\"text-editor.default\">\n\t\t\t\t<div class=\"elementor-widget-container\">\n\t\t\t\t\t\t\t\t\t<p>ANGOLANO<\/p>\n<p>DESDE 27 DE FEVEREIRO DE 2021<\/p>\n<p>OPERADOR DE B\u00c1SCULA<\/p>\n\t\t\t\t\t\t\t\t<\/div>\n\t\t\t\t<\/div>\n\t\t\t\t<\/div>\n\t\t\t\t<\/div>\n\t\t<div class=\"elementor-element elementor-element-cf19ebb e-con-full e-flex e-con e-parent\" data-id=\"cf19ebb\" data-element_type=\"container\" data-settings=\"{&quot;jet_parallax_layout_list&quot;:[]}\">\n\t\t<div class=\"elementor-element elementor-element-a93db42 e-con-full e-flex elementor-invisible e-con e-child\" data-id=\"a93db42\" data-element_type=\"container\" data-settings=\"{&quot;animation&quot;:&quot;fadeIn&quot;,&quot;animation_delay&quot;:0.6,&quot;jet_parallax_layout_list&quot;:[]}\">\n\t\t\t\t<div class=\"elementor-element elementor-element-f200812 elementor-widget elementor-widget-heading\" data-id=\"f200812\" data-element_type=\"widget\" data-widget_type=\"heading.default\">\n\t\t\t\t<div class=\"elementor-widget-container\">\n\t\t\t\t\t<h4 class=\"elementor-heading-title elementor-size-default\">A mensagem<br> Que quero deixar \u00e9<\/h4>\t\t\t\t<\/div>\n\t\t\t\t<\/div>\n\t\t\t\t<div class=\"elementor-element elementor-element-61d7eb9 elementor-widget elementor-widget-heading\" data-id=\"61d7eb9\" data-element_type=\"widget\" data-widget_type=\"heading.default\">\n\t\t\t\t<div class=\"elementor-widget-container\">\n\t\t\t\t\t<h3 class=\"elementor-heading-title elementor-size-default\">Acredite sempre nos seus objetivos e nunca desista de os alcan\u00e7ar.<\/h3>\t\t\t\t<\/div>\n\t\t\t\t<\/div>\n\t\t\t\t<\/div>\n\t\t<div class=\"elementor-element elementor-element-131491c e-con-full e-flex elementor-invisible e-con e-child\" data-id=\"131491c\" data-element_type=\"container\" data-settings=\"{&quot;animation&quot;:&quot;fadeIn&quot;,&quot;jet_parallax_layout_list&quot;:[]}\">\n\t\t<div class=\"elementor-element elementor-element-1f0cfa0 e-flex e-con-boxed elementor-invisible e-con e-child\" data-id=\"1f0cfa0\" data-element_type=\"container\" data-settings=\"{&quot;animation&quot;:&quot;fadeIn&quot;,&quot;animation_delay&quot;:0.6,&quot;jet_parallax_layout_list&quot;:[]}\">\n\t\t\t\t\t<div class=\"e-con-inner\">\n\t\t\t\t<div class=\"elementor-element elementor-element-4a7619d elementor-widget elementor-widget-heading\" data-id=\"4a7619d\" data-element_type=\"widget\" data-widget_type=\"heading.default\">\n\t\t\t\t<div class=\"elementor-widget-container\">\n\t\t\t\t\t<h4 class=\"elementor-heading-title elementor-size-default\">O que o levou a trabalhar para o Grupo MMD?<\/h4>\t\t\t\t<\/div>\n\t\t\t\t<\/div>\n\t\t\t\t<div class=\"elementor-element elementor-element-cb836d9 elementor-widget elementor-widget-text-editor\" data-id=\"cb836d9\" data-element_type=\"widget\" data-widget_type=\"text-editor.default\">\n\t\t\t\t<div class=\"elementor-widget-container\">\n\t\t\t\t\t\t\t\t\t<p>Sempre quis o desafio de trabalhar numa f\u00e1brica. Quando a Fabrimetal abriu perto do meu bairro, decidi pedir uma oportunidade de emprego. Uso cadeira de rodas e perguntei-me se seria poss\u00edvel para pessoas como eu trabalharem l\u00e1. E foi!<\/p>\n\t\t\t\t\t\t\t\t<\/div>\n\t\t\t\t<\/div>\n\t\t\t\t\t<\/div>\n\t\t\t\t<\/div>\n\t\t<div class=\"elementor-element elementor-element-fbbe8a9 e-flex e-con-boxed elementor-invisible e-con e-child\" data-id=\"fbbe8a9\" data-element_type=\"container\" data-settings=\"{&quot;animation&quot;:&quot;fadeIn&quot;,&quot;animation_delay&quot;:1.2,&quot;jet_parallax_layout_list&quot;:[]}\">\n\t\t\t\t\t<div class=\"e-con-inner\">\n\t\t\t\t<div class=\"elementor-element elementor-element-ca0997d elementor-widget elementor-widget-heading\" data-id=\"ca0997d\" data-element_type=\"widget\" data-widget_type=\"heading.default\">\n\t\t\t\t<div class=\"elementor-widget-container\">\n\t\t\t\t\t<h4 class=\"elementor-heading-title elementor-size-default\">Qual \u00e9 a sua fun\u00e7\u00e3o atual?<\/h4>\t\t\t\t<\/div>\n\t\t\t\t<\/div>\n\t\t\t\t<div class=\"elementor-element elementor-element-53108ec elementor-widget elementor-widget-text-editor\" data-id=\"53108ec\" data-element_type=\"widget\" data-widget_type=\"text-editor.default\">\n\t\t\t\t<div class=\"elementor-widget-container\">\n\t\t\t\t\t\t\t\t\t<p>Trabalho como operador de balan\u00e7a e, quando o meu coordenador est\u00e1 de f\u00e9rias, trabalho como seu assistente para os servi\u00e7os administrativos na \u00e1rea da expedi\u00e7\u00e3o e das balan\u00e7as. O que mais gosto na minha fun\u00e7\u00e3o \u00e9 entregar o material (vergas, cantoneiras e outros) e interagir com os clientes.<\/p>\n\t\t\t\t\t\t\t\t<\/div>\n\t\t\t\t<\/div>\n\t\t\t\t\t<\/div>\n\t\t\t\t<\/div>\n\t\t<div class=\"elementor-element elementor-element-95e14eb e-flex e-con-boxed elementor-invisible e-con e-child\" data-id=\"95e14eb\" data-element_type=\"container\" data-settings=\"{&quot;animation&quot;:&quot;fadeIn&quot;,&quot;animation_delay&quot;:0.6,&quot;jet_parallax_layout_list&quot;:[]}\">\n\t\t\t\t\t<div class=\"e-con-inner\">\n\t\t\t\t<div class=\"elementor-element elementor-element-2282c25 elementor-widget elementor-widget-heading\" data-id=\"2282c25\" data-element_type=\"widget\" data-widget_type=\"heading.default\">\n\t\t\t\t<div class=\"elementor-widget-container\">\n\t\t\t\t\t<h4 class=\"elementor-heading-title elementor-size-default\">Como \u00e9 o seu dia t\u00edpico?<\/h4>\t\t\t\t<\/div>\n\t\t\t\t<\/div>\n\t\t\t\t<div class=\"elementor-element elementor-element-8299766 elementor-widget elementor-widget-text-editor\" data-id=\"8299766\" data-element_type=\"widget\" data-widget_type=\"text-editor.default\">\n\t\t\t\t<div class=\"elementor-widget-container\">\n\t\t\t\t\t\t\t\t\t<p>Quando chego ao meu posto de trabalho \u00e0s 7h da manh\u00e3, controlo todo o material que passa pela balan\u00e7a, com destaque para a expedi\u00e7\u00e3o de vergas, cantoneiras etc. Anoto o peso de entrada, levo o recibo para a \u00e1rea comercial e depois para o campo para o carregamento. Depois organizo os documentos para entregar o material aos clientes. Gosto muito de fazer trabalhos de comunica\u00e7\u00e3o e imagem para institui\u00e7\u00f5es.<\/p>\n\t\t\t\t\t\t\t\t<\/div>\n\t\t\t\t<\/div>\n\t\t\t\t\t<\/div>\n\t\t\t\t<\/div>\n\t\t<div class=\"elementor-element elementor-element-a85d96d e-flex e-con-boxed elementor-invisible e-con e-child\" data-id=\"a85d96d\" data-element_type=\"container\" data-settings=\"{&quot;animation&quot;:&quot;fadeIn&quot;,&quot;animation_delay&quot;:1.2,&quot;jet_parallax_layout_list&quot;:[]}\">\n\t\t\t\t\t<div class=\"e-con-inner\">\n\t\t\t\t<div class=\"elementor-element elementor-element-285b9b8 elementor-widget elementor-widget-heading\" data-id=\"285b9b8\" data-element_type=\"widget\" data-widget_type=\"heading.default\">\n\t\t\t\t<div class=\"elementor-widget-container\">\n\t\t\t\t\t<h4 class=\"elementor-heading-title elementor-size-default\">Qual \u00e9 a sua parte favorita de trabalhar para o Grupo MMD?<\/h4>\t\t\t\t<\/div>\n\t\t\t\t<\/div>\n\t\t\t\t<div class=\"elementor-element elementor-element-5dde51b elementor-widget elementor-widget-text-editor\" data-id=\"5dde51b\" data-element_type=\"widget\" data-widget_type=\"text-editor.default\">\n\t\t\t\t<div class=\"elementor-widget-container\">\n\t\t\t\t\t\t\t\t\t<p>Aprecio a boa rela\u00e7\u00e3o entre os colegas e o facto de n\u00e3o haver preconceitos ou discrimina\u00e7\u00e3o. Tamb\u00e9m estou grato pelo facto de a empresa dar ajuda social aos trabalhadores, como material escolar para os nossos filhos.<\/p>\n\t\t\t\t\t\t\t\t<\/div>\n\t\t\t\t<\/div>\n\t\t\t\t\t<\/div>\n\t\t\t\t<\/div>\n\t\t<div class=\"elementor-element elementor-element-68d7bda e-flex e-con-boxed elementor-invisible e-con e-child\" data-id=\"68d7bda\" data-element_type=\"container\" data-settings=\"{&quot;animation&quot;:&quot;fadeIn&quot;,&quot;animation_delay&quot;:0.6,&quot;jet_parallax_layout_list&quot;:[]}\">\n\t\t\t\t\t<div class=\"e-con-inner\">\n\t\t\t\t<div class=\"elementor-element elementor-element-81ab6c1 elementor-widget elementor-widget-heading\" data-id=\"81ab6c1\" data-element_type=\"widget\" data-widget_type=\"heading.default\">\n\t\t\t\t<div class=\"elementor-widget-container\">\n\t\t\t\t\t<h4 class=\"elementor-heading-title elementor-size-default\">Quais s\u00e3o os seus objetivos futuros?<\/h4>\t\t\t\t<\/div>\n\t\t\t\t<\/div>\n\t\t\t\t<div class=\"elementor-element elementor-element-e2d3261 elementor-widget elementor-widget-text-editor\" data-id=\"e2d3261\" data-element_type=\"widget\" data-widget_type=\"text-editor.default\">\n\t\t\t\t<div class=\"elementor-widget-container\">\n\t\t\t\t\t\t\t\t\t<p>A minha ambi\u00e7\u00e3o \u00e9 contribuir para o crescimento da empresa e continuar a minha forma\u00e7\u00e3o superior, o que melhorar\u00e1 a minha renda e me permitir\u00e1 comprar a minha pr\u00f3pria casa.<\/p>\n\t\t\t\t\t\t\t\t<\/div>\n\t\t\t\t<\/div>\n\t\t\t\t\t<\/div>\n\t\t\t\t<\/div>\n\t\t<div class=\"elementor-element elementor-element-3946cba e-flex e-con-boxed elementor-invisible e-con e-child\" data-id=\"3946cba\" data-element_type=\"container\" data-settings=\"{&quot;animation&quot;:&quot;fadeIn&quot;,&quot;animation_delay&quot;:1.2,&quot;jet_parallax_layout_list&quot;:[]}\">\n\t\t\t\t\t<div class=\"e-con-inner\">\n\t\t\t\t<div class=\"elementor-element elementor-element-9f90335 elementor-widget elementor-widget-heading\" data-id=\"9f90335\" data-element_type=\"widget\" data-widget_type=\"heading.default\">\n\t\t\t\t<div class=\"elementor-widget-container\">\n\t\t\t\t\t<h4 class=\"elementor-heading-title elementor-size-default\">Qual \u00e9 a sua maior paix\u00e3o?<\/h4>\t\t\t\t<\/div>\n\t\t\t\t<\/div>\n\t\t\t\t<div class=\"elementor-element elementor-element-ce6e78d elementor-widget elementor-widget-text-editor\" data-id=\"ce6e78d\" data-element_type=\"widget\" data-widget_type=\"text-editor.default\">\n\t\t\t\t<div class=\"elementor-widget-container\">\n\t\t\t\t\t\t\t\t\t<p>A minha maior paix\u00e3o \u00e9 me comunicar com os outros.<\/p>\n\t\t\t\t\t\t\t\t<\/div>\n\t\t\t\t<\/div>\n\t\t\t\t\t<\/div>\n\t\t\t\t<\/div>\n\t\t\t\t<\/div>\n\t\t\t\t<\/div>\n\t\t\t\t<\/div>\n\t\t","protected":false},"excerpt":{"rendered":"<p>Voltar Jos\u00e9 Gouveia Gunza ANGOLANO DESDE 27 DE FEVEREIRO DE 2021 OPERADOR DE B\u00c1SCULA A mensagem Que quero deixar \u00e9 Acredite sempre nos seus objetivos e nunca desista de os alcan\u00e7ar. O que o levou a trabalhar para o Grupo MMD? Sempre quis o desafio de trabalhar numa f\u00e1brica. Quando a Fabrimetal abriu perto do [&hellip;]<\/p>\n","protected":false},"author":1,"featured_media":0,"parent":1823,"menu_order":0,"comment_status":"closed","ping_status":"closed","template":"","meta":{"footnotes":""},"class_list":["post-1828","page","type-page","status-publish","hentry"],"_links":{"self":[{"href":"https:\/\/mmdsteel.com\/pt-pt\/wp-json\/wp\/v2\/pages\/1828","targetHints":{"allow":["GET"]}}],"collection":[{"href":"https:\/\/mmdsteel.com\/pt-pt\/wp-json\/wp\/v2\/pages"}],"about":[{"href":"https:\/\/mmdsteel.com\/pt-pt\/wp-json\/wp\/v2\/types\/page"}],"author":[{"embeddable":true,"href":"https:\/\/mmdsteel.com\/pt-pt\/wp-json\/wp\/v2\/users\/1"}],"replies":[{"embeddable":true,"href":"https:\/\/mmdsteel.com\/pt-pt\/wp-json\/wp\/v2\/comments?post=1828"}],"version-history":[{"count":5,"href":"https:\/\/mmdsteel.com\/pt-pt\/wp-json\/wp\/v2\/pages\/1828\/revisions"}],"predecessor-version":[{"id":2120,"href":"https:\/\/mmdsteel.com\/pt-pt\/wp-json\/wp\/v2\/pages\/1828\/revisions\/2120"}],"up":[{"embeddable":true,"href":"https:\/\/mmdsteel.com\/pt-pt\/wp-json\/wp\/v2\/pages\/1823"}],"wp:attachment":[{"href":"https:\/\/mmdsteel.com\/pt-pt\/wp-json\/wp\/v2\/media?parent=1828"}],"curies":[{"name":"wp","href":"https:\/\/api.w.org\/{rel}","templated":true}]}}