{"id":1823,"date":"2024-01-23T11:03:23","date_gmt":"2024-01-23T16:03:23","guid":{"rendered":"http:\/\/fusiondg.ca\/mmd\/pessoas\/"},"modified":"2024-04-23T10:31:39","modified_gmt":"2024-04-23T14:31:39","slug":"pessoas","status":"publish","type":"page","link":"https:\/\/mmdsteel.com\/pt-pt\/pessoas\/","title":{"rendered":"Pessoas"},"content":{"rendered":"\t\t<div data-elementor-type=\"wp-page\" data-elementor-id=\"1823\" class=\"elementor elementor-1823 elementor-861\" data-elementor-post-type=\"page\">\n\t\t\t\t<div class=\"elementor-element elementor-element-d9f400c e-flex e-con-boxed e-con e-parent\" data-id=\"d9f400c\" data-element_type=\"container\" data-settings=\"{&quot;background_background&quot;:&quot;classic&quot;,&quot;jet_parallax_layout_list&quot;:[]}\">\n\t\t\t\t\t<div class=\"e-con-inner\">\n\t\t\t\t<div class=\"elementor-element elementor-element-ae9b2ce elementor-invisible elementor-widget elementor-widget-heading\" data-id=\"ae9b2ce\" data-element_type=\"widget\" data-settings=\"{&quot;_animation&quot;:&quot;fadeIn&quot;}\" data-widget_type=\"heading.default\">\n\t\t\t\t<div class=\"elementor-widget-container\">\n\t\t\t\t\t<h1 class=\"elementor-heading-title elementor-size-default\">PESSOAS<\/h1>\t\t\t\t<\/div>\n\t\t\t\t<\/div>\n\t\t\t\t<div class=\"elementor-element elementor-element-e102f5a elementor-invisible elementor-widget elementor-widget-text-editor\" data-id=\"e102f5a\" data-element_type=\"widget\" data-settings=\"{&quot;_animation&quot;:&quot;fadeIn&quot;,&quot;_animation_delay&quot;:0.6}\" data-widget_type=\"text-editor.default\">\n\t\t\t\t<div class=\"elementor-widget-container\">\n\t\t\t\t\t\t\t\t\t<p>O Grupo MMD promove uma for\u00e7a de trabalho local qualificada e capacita as pessoas a construir um futuro.<\/p>\n\t\t\t\t\t\t\t\t<\/div>\n\t\t\t\t<\/div>\n\t\t\t\t\t<\/div>\n\t\t\t\t<\/div>\n\t\t<div class=\"elementor-element elementor-element-4dd1df0 e-flex e-con-boxed e-con e-parent\" data-id=\"4dd1df0\" data-element_type=\"container\" data-settings=\"{&quot;jet_parallax_layout_list&quot;:[],&quot;background_background&quot;:&quot;classic&quot;}\">\n\t\t\t\t\t<div class=\"e-con-inner\">\n\t\t<div class=\"elementor-element elementor-element-d908821 e-flex e-con-boxed elementor-invisible e-con e-child\" data-id=\"d908821\" data-element_type=\"container\" data-settings=\"{&quot;jet_parallax_layout_list&quot;:[],&quot;animation&quot;:&quot;fadeIn&quot;,&quot;animation_delay&quot;:0.6}\">\n\t\t\t\t\t<div class=\"e-con-inner\">\n\t\t\t\t<div class=\"elementor-element elementor-element-2c2df21 elementor-invisible elementor-widget elementor-widget-text-editor\" data-id=\"2c2df21\" data-element_type=\"widget\" data-settings=\"{&quot;_animation&quot;:&quot;fadeIn&quot;}\" data-widget_type=\"text-editor.default\">\n\t\t\t\t<div class=\"elementor-widget-container\">\n\t\t\t\t\t\t\t\t\t<p>O Grupo MMD constr\u00f3i meios de subsist\u00eancia sustent\u00e1veis para os povos de \u00c1frica, recrutando, formando e capacitando trabalhadores locais nas nossas instala\u00e7\u00f5es de fabrica\u00e7\u00e3o em Angola, Benim, Burquina Fasso, Burundi, RDC, Gana, Mali, Ruanda e Senegal. Somos \u00e9ticos e transparentes, superando os padr\u00f5es e as expectativas dos nossos clientes. Adotamos pr\u00e1ticas permanentes de sa\u00fade e seguran\u00e7a no ambiente de trabalho, que promovem a seriedade no trabalho, um trabalho de equipa coeso e oportunidades de lideran\u00e7a.<\/p>\n\t\t\t\t\t\t\t\t<\/div>\n\t\t\t\t<\/div>\n\t\t\t\t\t<\/div>\n\t\t\t\t<\/div>\n\t\t\t\t\t<\/div>\n\t\t\t\t<\/div>\n\t\t<div class=\"elementor-element elementor-element-1ace4fe e-flex e-con-boxed e-con e-parent\" data-id=\"1ace4fe\" data-element_type=\"container\" data-settings=\"{&quot;jet_parallax_layout_list&quot;:[]}\">\n\t\t\t\t\t<div class=\"e-con-inner\">\n\t\t<div class=\"elementor-element elementor-element-0741cab e-flex e-con-boxed elementor-invisible e-con e-child\" data-id=\"0741cab\" data-element_type=\"container\" data-settings=\"{&quot;jet_parallax_layout_list&quot;:[],&quot;animation&quot;:&quot;fadeIn&quot;,&quot;animation_delay&quot;:0.6}\">\n\t\t\t\t\t<div class=\"e-con-inner\">\n\t\t\t\t<div class=\"elementor-element elementor-element-b221935 heading__tail--red elementor-invisible elementor-widget elementor-widget-heading\" data-id=\"b221935\" data-element_type=\"widget\" data-settings=\"{&quot;_animation&quot;:&quot;fadeIn&quot;,&quot;_animation_delay&quot;:0.3}\" data-widget_type=\"heading.default\">\n\t\t\t\t<div class=\"elementor-widget-container\">\n\t\t\t\t\t<h2 class=\"elementor-heading-title elementor-size-default\">QUEM REALMENTE FAZ DA MMD <i>UMA EMPRESA FANT\u00c1STICA <\/i>  <\/h2>\t\t\t\t<\/div>\n\t\t\t\t<\/div>\n\t\t\t\t<div class=\"elementor-element elementor-element-880f373 elementor-testimonial--layout-image_left testimonial elementor-hidden-mobile elementor-testimonial--skin-default elementor-testimonial--align-center elementor-invisible elementor-widget elementor-widget-testimonial-carousel\" data-id=\"880f373\" data-element_type=\"widget\" data-settings=\"{&quot;space_between&quot;:{&quot;unit&quot;:&quot;px&quot;,&quot;size&quot;:&quot;&quot;,&quot;sizes&quot;:[]},&quot;space_between_tablet&quot;:{&quot;unit&quot;:&quot;px&quot;,&quot;size&quot;:&quot;&quot;,&quot;sizes&quot;:[]},&quot;_animation&quot;:&quot;fadeIn&quot;,&quot;_animation_delay&quot;:0.6,&quot;space_between_mobile&quot;:{&quot;unit&quot;:&quot;px&quot;,&quot;size&quot;:10,&quot;sizes&quot;:[]}}\" data-widget_type=\"testimonial-carousel.default\">\n\t\t\t\t<div class=\"elementor-widget-container\">\n\t\t\t\t\t\t\t\t\t<div class=\"elementor-swiper\">\n\t\t\t\t\t<div class=\"elementor-main-swiper swiper\" role=\"region\" aria-roledescription=\"carousel\" aria-label=\"Slides\">\n\t\t\t\t<div class=\"swiper-wrapper\">\n\t\t\t\t\t\t\t\t\t\t\t<div class=\"swiper-slide\" role=\"group\" aria-roledescription=\"slide\">\n\t\t\t\t\t\t\t\t\t<div class=\"elementor-testimonial\">\n\t\t\t\t\t\t\t<div class=\"elementor-testimonial__content\">\n\t\t\t\t\t<div class=\"elementor-testimonial__text\">\n\t\t\t\t\t\t<p>Quando abriu uma f\u00e1brica no meu bairro, n\u00e3o tinha certeza se o facto de ser utilizador de cadeira de rodas iria afetar a minha possibilidade de trabalhar l\u00e1. <\/p>\n<p>Decidi bater \u00e0 porta do Diretor de Pessoas e Cultura para pedir uma oportunidade de emprego. Fui contratado em fevereiro de 2021 e trabalho atualmente como operador de balan\u00e7a.<br \/>\n<a href=\"http:\/\/mmdsteel.com\/pt-pt\/pessoas\/historia-de-jose\/\"><\/p>\n<div class=\"main__button--arrow\" style=\"margin-top: 2em\">LER <i style=\"font-style: italic\">A ENTREVISTA<\/i><\/div>\n<p><\/a><\/p>\n\t\t\t\t\t<\/div>\n\t\t\t\t\t<cite class=\"elementor-testimonial__cite\"><span class=\"elementor-testimonial__name\">Jos\u00e9 Gouveia Gunza<\/span><span class=\"elementor-testimonial__title\">OPERADOR DE B\u00c1SCULA<\/span><\/cite>\t\t\t\t<\/div>\n\t\t\t\t\t\t<div class=\"elementor-testimonial__footer\">\n\t\t\t\t\t\t\t\t\t<div class=\"elementor-testimonial__image\">\n\t\t\t\t\t\t<img decoding=\"async\" src=\"https:\/\/mmdsteel.com\/wp-content\/uploads\/2024\/01\/Jose.png\" alt=\"Jos\u00e9 Gouveia Gunza\">\n\t\t\t\t\t\t\t\t\t\t\t<\/div>\n\t\t\t\t\t\t\t\t\t\t\t<\/div>\n\t\t<\/div>\n\t\t\t\t\t\t\t\t<\/div>\n\t\t\t\t\t\t\t\t\t<\/div>\n\t\t\t\t\t\t\t<\/div>\n\t\t\t\t<\/div>\n\t\t\t\t\t\t\t\t<\/div>\n\t\t\t\t<\/div>\n\t\t\t\t<div class=\"elementor-element elementor-element-4804902 elementor-testimonial--layout-image_left testimonial elementor-hidden-mobile elementor-testimonial--skin-default elementor-testimonial--align-center elementor-invisible elementor-widget elementor-widget-testimonial-carousel\" data-id=\"4804902\" data-element_type=\"widget\" data-settings=\"{&quot;speed&quot;:1000,&quot;space_between&quot;:{&quot;unit&quot;:&quot;px&quot;,&quot;size&quot;:&quot;&quot;,&quot;sizes&quot;:[]},&quot;space_between_tablet&quot;:{&quot;unit&quot;:&quot;px&quot;,&quot;size&quot;:&quot;&quot;,&quot;sizes&quot;:[]},&quot;_animation&quot;:&quot;fadeIn&quot;,&quot;_animation_delay&quot;:1.2,&quot;space_between_mobile&quot;:{&quot;unit&quot;:&quot;px&quot;,&quot;size&quot;:10,&quot;sizes&quot;:[]}}\" data-widget_type=\"testimonial-carousel.default\">\n\t\t\t\t<div class=\"elementor-widget-container\">\n\t\t\t\t\t\t\t\t\t<div class=\"elementor-swiper\">\n\t\t\t\t\t<div class=\"elementor-main-swiper swiper\" role=\"region\" aria-roledescription=\"carousel\" aria-label=\"Slides\">\n\t\t\t\t<div class=\"swiper-wrapper\">\n\t\t\t\t\t\t\t\t\t\t\t<div class=\"swiper-slide\" role=\"group\" aria-roledescription=\"slide\">\n\t\t\t\t\t\t\t\t\t<div class=\"elementor-testimonial\">\n\t\t\t\t\t\t\t<div class=\"elementor-testimonial__content\">\n\t\t\t\t\t<div class=\"elementor-testimonial__text\">\n\t\t\t\t\t\t<p>Nasci numa fam\u00edlia de pessoas competitivas, dedicadas ao seu pa\u00eds. O meu pai costumava dizer-nos que a nossa vida profissional devia ter um significado para a nossa na\u00e7\u00e3o. Todos n\u00f3s escolhemos profiss\u00f5es que contribuem para o desenvolvimento econ\u00f3mico do pa\u00eds.<br \/>\n<a href=\"http:\/\/mmdsteel.com\/people\/siga-story\/\"><\/p>\n<div class=\"main__button--arrow\" style=\"margin-top: 2em\">LER <i style=\"font-style: italic\">A ENTREVISTA<\/i><\/div>\n<p><\/a><\/p>\n\t\t\t\t\t<\/div>\n\t\t\t\t\t<cite class=\"elementor-testimonial__cite\"><span class=\"elementor-testimonial__name\">Siga Sakho<\/span><span class=\"elementor-testimonial__title\">MARKETING, COMUNICA\u00c7\u00c3O, VENDAS<\/span><\/cite>\t\t\t\t<\/div>\n\t\t\t\t\t\t<div class=\"elementor-testimonial__footer\">\n\t\t\t\t\t\t\t\t\t<div class=\"elementor-testimonial__image\">\n\t\t\t\t\t\t<img decoding=\"async\" src=\"https:\/\/mmdsteel.com\/wp-content\/uploads\/2024\/01\/Siga.png\" alt=\"Siga Sakho\">\n\t\t\t\t\t\t\t\t\t\t\t<\/div>\n\t\t\t\t\t\t\t\t\t\t\t<\/div>\n\t\t<\/div>\n\t\t\t\t\t\t\t\t<\/div>\n\t\t\t\t\t\t\t\t\t<\/div>\n\t\t\t\t\t\t\t<\/div>\n\t\t\t\t<\/div>\n\t\t\t\t\t\t\t\t<\/div>\n\t\t\t\t<\/div>\n\t\t\t\t<div class=\"elementor-element elementor-element-af22890 elementor-testimonial--layout-image_above testimonial elementor-testimonial--mobile-align-center elementor-hidden-desktop elementor-hidden-tablet elementor-testimonial--skin-default elementor-testimonial--align-center elementor-widget elementor-widget-testimonial-carousel\" data-id=\"af22890\" data-element_type=\"widget\" data-settings=\"{&quot;space_between&quot;:{&quot;unit&quot;:&quot;px&quot;,&quot;size&quot;:&quot;&quot;,&quot;sizes&quot;:[]},&quot;space_between_tablet&quot;:{&quot;unit&quot;:&quot;px&quot;,&quot;size&quot;:&quot;&quot;,&quot;sizes&quot;:[]},&quot;space_between_mobile&quot;:{&quot;unit&quot;:&quot;px&quot;,&quot;size&quot;:&quot;&quot;,&quot;sizes&quot;:[]}}\" data-widget_type=\"testimonial-carousel.default\">\n\t\t\t\t<div class=\"elementor-widget-container\">\n\t\t\t\t\t\t\t\t\t<div class=\"elementor-swiper\">\n\t\t\t\t\t<div class=\"elementor-main-swiper swiper\" role=\"region\" aria-roledescription=\"carousel\" aria-label=\"Slides\">\n\t\t\t\t<div class=\"swiper-wrapper\">\n\t\t\t\t\t\t\t\t\t\t\t<div class=\"swiper-slide\" role=\"group\" aria-roledescription=\"slide\">\n\t\t\t\t\t\t\t\t\t<div class=\"elementor-testimonial\">\n\t\t\t\t\t\t\t<div class=\"elementor-testimonial__content\">\n\t\t\t\t\t<div class=\"elementor-testimonial__text\">\n\t\t\t\t\t\t<p>Quando abriu uma f\u00e1brica no meu bairro, n\u00e3o tinha certeza se o facto de ser utilizador de cadeira de rodas iria afetar a minha possibilidade de trabalhar l\u00e1. <\/p>\n<p>Decidi bater \u00e0 porta do Diretor de Pessoas e Cultura para pedir uma oportunidade de emprego. Fui contratado em fevereiro de 2021 e trabalho atualmente como operador de balan\u00e7a.<\/p>\n<div class=\"main__button--arrow\" style=\"margin-top: 2em\"><a href=\"http:\/\/mmdsteel.com\/pt-pt\/pessoas\/historia-de-jose\/\">LER <i style=\"font-style: italic\">A ENTREVISTA<\/i><\/a><\/div>\n\t\t\t\t\t<\/div>\n\t\t\t\t\t<cite class=\"elementor-testimonial__cite\"><span class=\"elementor-testimonial__name\">Jos\u00e9 Gouveia Gunza<\/span><span class=\"elementor-testimonial__title\">OPERADOR DE B\u00c1SCULA<\/span><\/cite>\t\t\t\t<\/div>\n\t\t\t\t\t\t<div class=\"elementor-testimonial__footer\">\n\t\t\t\t\t\t\t\t\t<div class=\"elementor-testimonial__image\">\n\t\t\t\t\t\t<img decoding=\"async\" src=\"https:\/\/mmdsteel.com\/wp-content\/uploads\/2024\/01\/Jose.png\" alt=\"Jos\u00e9 Gouveia Gunza\">\n\t\t\t\t\t\t\t\t\t\t\t<\/div>\n\t\t\t\t\t\t\t\t\t\t\t<\/div>\n\t\t<\/div>\n\t\t\t\t\t\t\t\t<\/div>\n\t\t\t\t\t\t\t\t\t<\/div>\n\t\t\t\t\t\t\t<\/div>\n\t\t\t\t<\/div>\n\t\t\t\t\t\t\t\t<\/div>\n\t\t\t\t<\/div>\n\t\t\t\t<div class=\"elementor-element elementor-element-ad23794 elementor-testimonial--layout-image_above testimonial elementor-testimonial--mobile-align-center elementor-hidden-desktop elementor-hidden-tablet elementor-testimonial--skin-default elementor-testimonial--align-center elementor-widget elementor-widget-testimonial-carousel\" data-id=\"ad23794\" data-element_type=\"widget\" data-settings=\"{&quot;space_between&quot;:{&quot;unit&quot;:&quot;px&quot;,&quot;size&quot;:&quot;&quot;,&quot;sizes&quot;:[]},&quot;space_between_tablet&quot;:{&quot;unit&quot;:&quot;px&quot;,&quot;size&quot;:&quot;&quot;,&quot;sizes&quot;:[]},&quot;space_between_mobile&quot;:{&quot;unit&quot;:&quot;px&quot;,&quot;size&quot;:&quot;&quot;,&quot;sizes&quot;:[]}}\" data-widget_type=\"testimonial-carousel.default\">\n\t\t\t\t<div class=\"elementor-widget-container\">\n\t\t\t\t\t\t\t\t\t<div class=\"elementor-swiper\">\n\t\t\t\t\t<div class=\"elementor-main-swiper swiper\" role=\"region\" aria-roledescription=\"carousel\" aria-label=\"Slides\">\n\t\t\t\t<div class=\"swiper-wrapper\">\n\t\t\t\t\t\t\t\t\t\t\t<div class=\"swiper-slide\" role=\"group\" aria-roledescription=\"slide\">\n\t\t\t\t\t\t\t\t\t<div class=\"elementor-testimonial\">\n\t\t\t\t\t\t\t<div class=\"elementor-testimonial__content\">\n\t\t\t\t\t<div class=\"elementor-testimonial__text\">\n\t\t\t\t\t\t<p>Nasci numa fam\u00edlia de competidores, dedicados ao seu pa\u00eds. O meu pai costumava dizer-nos que a nossa vida profissional devia ter um significado para a nossa na\u00e7\u00e3o. Todos n\u00f3s escolhemos profiss\u00f5es que contribuem para o desenvolvimento econ\u00f3mico do nosso pa\u00eds.<\/p>\n<div class=\"main__button--arrow\" style=\"margin-top: 2em\"><a href=\"http:\/\/mmdsteel.com\/people\/siga-story\/\">LER <i style=\"font-style: italic\">A ENTREVISTA<\/i><\/a><\/div>\n\t\t\t\t\t<\/div>\n\t\t\t\t\t<cite class=\"elementor-testimonial__cite\"><span class=\"elementor-testimonial__name\">Siga Sakho<\/span><span class=\"elementor-testimonial__title\">MARKETING, COMUNICA\u00c7\u00c3O, VENDAS<\/span><\/cite>\t\t\t\t<\/div>\n\t\t\t\t\t\t<div class=\"elementor-testimonial__footer\">\n\t\t\t\t\t\t\t\t\t<div class=\"elementor-testimonial__image\">\n\t\t\t\t\t\t<img decoding=\"async\" src=\"https:\/\/mmdsteel.com\/wp-content\/uploads\/2024\/01\/Siga.png\" alt=\"Siga Sakho\">\n\t\t\t\t\t\t\t\t\t\t\t<\/div>\n\t\t\t\t\t\t\t\t\t\t\t<\/div>\n\t\t<\/div>\n\t\t\t\t\t\t\t\t<\/div>\n\t\t\t\t\t\t\t\t\t<\/div>\n\t\t\t\t\t\t\t<\/div>\n\t\t\t\t<\/div>\n\t\t\t\t\t\t\t\t<\/div>\n\t\t\t\t<\/div>\n\t\t\t\t\t<\/div>\n\t\t\t\t<\/div>\n\t\t\t\t\t<\/div>\n\t\t\t\t<\/div>\n\t\t<div class=\"elementor-element elementor-element-9daac20 e-flex e-con-boxed e-con e-parent\" data-id=\"9daac20\" data-element_type=\"container\" data-settings=\"{&quot;background_background&quot;:&quot;classic&quot;,&quot;motion_fx_motion_fx_scrolling&quot;:&quot;yes&quot;,&quot;jet_parallax_layout_list&quot;:[],&quot;motion_fx_devices&quot;:[&quot;desktop&quot;,&quot;tablet&quot;,&quot;mobile&quot;]}\">\n\t\t\t\t\t<div class=\"e-con-inner\">\n\t\t<div class=\"elementor-element elementor-element-705bb6e e-grid e-con-boxed e-con e-child\" data-id=\"705bb6e\" data-element_type=\"container\" data-settings=\"{&quot;jet_parallax_layout_list&quot;:[]}\">\n\t\t\t\t\t<div class=\"e-con-inner\">\n\t\t<div class=\"elementor-element elementor-element-e19d5a1 e-flex e-con-boxed elementor-invisible e-con e-child\" data-id=\"e19d5a1\" data-element_type=\"container\" data-settings=\"{&quot;animation&quot;:&quot;fadeIn&quot;,&quot;animation_delay&quot;:0.6,&quot;jet_parallax_layout_list&quot;:[]}\">\n\t\t\t\t\t<div class=\"e-con-inner\">\n\t\t\t\t<div class=\"elementor-element elementor-element-da4fce9 heading__tail--red elementor-widget elementor-widget-heading\" data-id=\"da4fce9\" data-element_type=\"widget\" data-widget_type=\"heading.default\">\n\t\t\t\t<div class=\"elementor-widget-container\">\n\t\t\t\t\t<h2 class=\"elementor-heading-title elementor-size-default\">MMD BUZZ<\/h2>\t\t\t\t<\/div>\n\t\t\t\t<\/div>\n\t\t\t\t<div class=\"elementor-element elementor-element-2cd7d62 elementor-widget elementor-widget-text-editor\" data-id=\"2cd7d62\" data-element_type=\"widget\" data-widget_type=\"text-editor.default\">\n\t\t\t\t<div class=\"elementor-widget-container\">\n\t\t\t\t\t\t\t\t\t<p>Inscreva-se para receber a nossa newsletter.<\/p>\n\t\t\t\t\t\t\t\t<\/div>\n\t\t\t\t<\/div>\n\t\t\t\t<div class=\"elementor-element elementor-element-4d34537 main__button--arrow main__button--arrowonlight elementor-align-left elementor-widget elementor-widget-button\" data-id=\"4d34537\" data-element_type=\"widget\" data-widget_type=\"button.default\">\n\t\t\t\t<div class=\"elementor-widget-container\">\n\t\t\t\t\t\t\t\t\t<div class=\"elementor-button-wrapper\">\n\t\t\t\t\t<a class=\"elementor-button elementor-button-link elementor-size-sm\" href=\"#\">\n\t\t\t\t\t\t<span class=\"elementor-button-content-wrapper\">\n\t\t\t\t\t\t\t\t\t<span class=\"elementor-button-text\">INSCREVER-SE<\/span>\n\t\t\t\t\t<\/span>\n\t\t\t\t\t<\/a>\n\t\t\t\t<\/div>\n\t\t\t\t\t\t\t\t<\/div>\n\t\t\t\t<\/div>\n\t\t\t\t\t<\/div>\n\t\t\t\t<\/div>\n\t\t\t\t<div class=\"elementor-element elementor-element-6f4b27d elementor-invisible elementor-widget elementor-widget-image\" data-id=\"6f4b27d\" data-element_type=\"widget\" data-settings=\"{&quot;motion_fx_motion_fx_scrolling&quot;:&quot;yes&quot;,&quot;motion_fx_scale_effect&quot;:&quot;yes&quot;,&quot;motion_fx_devices&quot;:[&quot;desktop&quot;,&quot;tablet&quot;],&quot;motion_fx_range&quot;:&quot;viewport&quot;,&quot;_animation&quot;:&quot;fadeIn&quot;,&quot;_animation_delay&quot;:0.6,&quot;motion_fx_scale_direction&quot;:&quot;in-out&quot;,&quot;motion_fx_scale_range&quot;:{&quot;unit&quot;:&quot;%&quot;,&quot;size&quot;:&quot;&quot;,&quot;sizes&quot;:{&quot;start&quot;:0,&quot;end&quot;:100}},&quot;motion_fx_scale_speed&quot;:{&quot;unit&quot;:&quot;px&quot;,&quot;size&quot;:4,&quot;sizes&quot;:[]}}\" data-widget_type=\"image.default\">\n\t\t\t\t<div class=\"elementor-widget-container\">\n\t\t\t\t\t\t\t\t\t\t\t\t\t\t\t<img fetchpriority=\"high\" decoding=\"async\" width=\"800\" height=\"436\" src=\"https:\/\/mmdsteel.com\/wp-content\/uploads\/2024\/02\/newsletter_mockup-1024x558.png\" class=\"attachment-large size-large wp-image-1787\" alt=\"\" srcset=\"https:\/\/mmdsteel.com\/wp-content\/uploads\/2024\/02\/newsletter_mockup-1024x558.png 1024w, https:\/\/mmdsteel.com\/wp-content\/uploads\/2024\/02\/newsletter_mockup-300x164.png 300w, https:\/\/mmdsteel.com\/wp-content\/uploads\/2024\/02\/newsletter_mockup-768x419.png 768w, https:\/\/mmdsteel.com\/wp-content\/uploads\/2024\/02\/newsletter_mockup.png 1236w\" sizes=\"(max-width: 800px) 100vw, 800px\" \/>\t\t\t\t\t\t\t\t\t\t\t\t\t\t\t<\/div>\n\t\t\t\t<\/div>\n\t\t\t\t\t<\/div>\n\t\t\t\t<\/div>\n\t\t\t\t\t<\/div>\n\t\t\t\t<\/div>\n\t\t\t\t<\/div>\n\t\t","protected":false},"excerpt":{"rendered":"<p>PESSOAS O Grupo MMD promove uma for\u00e7a de trabalho local qualificada e capacita as pessoas a construir um futuro. O Grupo MMD constr\u00f3i meios de subsist\u00eancia sustent\u00e1veis para os povos de \u00c1frica, recrutando, formando e capacitando trabalhadores locais nas nossas instala\u00e7\u00f5es de fabrica\u00e7\u00e3o em Angola, Benim, Burquina Fasso, Burundi, RDC, Gana, Mali, Ruanda e Senegal. [&hellip;]<\/p>\n","protected":false},"author":1,"featured_media":0,"parent":0,"menu_order":0,"comment_status":"closed","ping_status":"closed","template":"","meta":{"footnotes":""},"class_list":["post-1823","page","type-page","status-publish","hentry"],"_links":{"self":[{"href":"https:\/\/mmdsteel.com\/pt-pt\/wp-json\/wp\/v2\/pages\/1823","targetHints":{"allow":["GET"]}}],"collection":[{"href":"https:\/\/mmdsteel.com\/pt-pt\/wp-json\/wp\/v2\/pages"}],"about":[{"href":"https:\/\/mmdsteel.com\/pt-pt\/wp-json\/wp\/v2\/types\/page"}],"author":[{"embeddable":true,"href":"https:\/\/mmdsteel.com\/pt-pt\/wp-json\/wp\/v2\/users\/1"}],"replies":[{"embeddable":true,"href":"https:\/\/mmdsteel.com\/pt-pt\/wp-json\/wp\/v2\/comments?post=1823"}],"version-history":[{"count":5,"href":"https:\/\/mmdsteel.com\/pt-pt\/wp-json\/wp\/v2\/pages\/1823\/revisions"}],"predecessor-version":[{"id":2118,"href":"https:\/\/mmdsteel.com\/pt-pt\/wp-json\/wp\/v2\/pages\/1823\/revisions\/2118"}],"wp:attachment":[{"href":"https:\/\/mmdsteel.com\/pt-pt\/wp-json\/wp\/v2\/media?parent=1823"}],"curies":[{"name":"wp","href":"https:\/\/api.w.org\/{rel}","templated":true}]}}