{"id":1789,"date":"2023-05-03T12:27:35","date_gmt":"2023-05-03T16:27:35","guid":{"rendered":"http:\/\/fusiondg.ca\/mmd\/pagina-de-destino\/"},"modified":"2024-04-23T09:46:45","modified_gmt":"2024-04-23T13:46:45","slug":"pagina-de-destino","status":"publish","type":"page","link":"https:\/\/mmdsteel.com\/pt-pt\/","title":{"rendered":"P\u00e1gina de destino"},"content":{"rendered":"\t\t<div data-elementor-type=\"wp-page\" data-elementor-id=\"1789\" class=\"elementor elementor-1789 elementor-259\" data-elementor-post-type=\"page\">\n\t\t\t\t<div class=\"elementor-element elementor-element-fd52caa e-flex e-con-boxed e-con e-parent\" data-id=\"fd52caa\" data-element_type=\"container\" data-settings=\"{&quot;background_background&quot;:&quot;video&quot;,&quot;jet_parallax_layout_list&quot;:[],&quot;background_video_link&quot;:&quot;http:\\\/\\\/mmdsteel.com\\\/wp-content\\\/uploads\\\/2024\\\/02\\\/DJI_0903.mp4&quot;,&quot;background_video_start&quot;:10,&quot;background_play_on_mobile&quot;:&quot;yes&quot;}\">\n\t\t\t\t\t<div class=\"e-con-inner\">\n\t\t<div class=\"elementor-background-video-container\">\n\t\t\t\t\t\t\t<video class=\"elementor-background-video-hosted\" autoplay muted playsinline loop><\/video>\n\t\t\t\t\t<\/div>\t\t<div class=\"elementor-element elementor-element-3297c3a elementor-widget elementor-widget-heading\" data-id=\"3297c3a\" data-element_type=\"widget\" data-widget_type=\"heading.default\">\n\t\t\t\t<div class=\"elementor-widget-container\">\n\t\t\t\t\t<h1 class=\"elementor-heading-title elementor-size-default\">MMD<\/h1>\t\t\t\t<\/div>\n\t\t\t\t<\/div>\n\t\t\t\t<div class=\"elementor-element elementor-element-d24fefe heading__tail--white elementor-widget elementor-widget-heading\" data-id=\"d24fefe\" data-element_type=\"widget\" data-widget_type=\"heading.default\">\n\t\t\t\t<div class=\"elementor-widget-container\">\n\t\t\t\t\t<h2 class=\"elementor-heading-title elementor-size-default\">O seu parceiro no a\u00e7o.<\/h2>\t\t\t\t<\/div>\n\t\t\t\t<\/div>\n\t\t\t\t<div class=\"elementor-element elementor-element-d3183c8 elementor-widget elementor-widget-heading\" data-id=\"d3183c8\" data-element_type=\"widget\" data-widget_type=\"heading.default\">\n\t\t\t\t<div class=\"elementor-widget-container\">\n\t\t\t\t\t<span class=\"elementor-heading-title elementor-size-default\">A oportunidade de ajudar comunidades, uma regi\u00e3o e um pa\u00eds, \u00e9 um privil\u00e9gio para n\u00f3s.<\/span>\t\t\t\t<\/div>\n\t\t\t\t<\/div>\n\t\t<div class=\"elementor-element elementor-element-b4c29ab e-flex e-con-boxed e-con e-child\" data-id=\"b4c29ab\" data-element_type=\"container\" data-settings=\"{&quot;jet_parallax_layout_list&quot;:[]}\">\n\t\t\t\t\t<div class=\"e-con-inner\">\n\t\t\t\t<div class=\"elementor-element elementor-element-97d3d63 button__arrow--white elementor-widget elementor-widget-button\" data-id=\"97d3d63\" data-element_type=\"widget\" data-widget_type=\"button.default\">\n\t\t\t\t<div class=\"elementor-widget-container\">\n\t\t\t\t\t\t\t\t\t<div class=\"elementor-button-wrapper\">\n\t\t\t\t\t<a class=\"elementor-button elementor-button-link elementor-size-sm\" href=\"http:\/\/mmdsteel.com\/pt-pt\/inicio\/\">\n\t\t\t\t\t\t<span class=\"elementor-button-content-wrapper\">\n\t\t\t\t\t\t\t\t\t<span class=\"elementor-button-text\">SAIBA MAIS<\/span>\n\t\t\t\t\t<\/span>\n\t\t\t\t\t<\/a>\n\t\t\t\t<\/div>\n\t\t\t\t\t\t\t\t<\/div>\n\t\t\t\t<\/div>\n\t\t\t\t<div class=\"elementor-element elementor-element-cdf1641 button__nocorner--white elementor-widget elementor-widget-button\" data-id=\"cdf1641\" data-element_type=\"widget\" data-widget_type=\"button.default\">\n\t\t\t\t<div class=\"elementor-widget-container\">\n\t\t\t\t\t\t\t\t\t<div class=\"elementor-button-wrapper\">\n\t\t\t\t\t<a class=\"elementor-button elementor-button-link elementor-size-sm\" href=\"http:\/\/mmdsteel.com\/pt-pt\/contacto\/\">\n\t\t\t\t\t\t<span class=\"elementor-button-content-wrapper\">\n\t\t\t\t\t\t\t\t\t<span class=\"elementor-button-text\">CONTACTE-NOS<\/span>\n\t\t\t\t\t<\/span>\n\t\t\t\t\t<\/a>\n\t\t\t\t<\/div>\n\t\t\t\t\t\t\t\t<\/div>\n\t\t\t\t<\/div>\n\t\t\t\t\t<\/div>\n\t\t\t\t<\/div>\n\t\t\t\t\t<\/div>\n\t\t\t\t<\/div>\n\t\t\t\t<\/div>\n\t\t","protected":false},"excerpt":{"rendered":"<p>MMD O seu parceiro no a\u00e7o. A oportunidade de ajudar comunidades, uma regi\u00e3o e um pa\u00eds, \u00e9 um privil\u00e9gio para n\u00f3s. SAIBA MAIS CONTACTE-NOS<\/p>\n","protected":false},"author":1,"featured_media":0,"parent":0,"menu_order":0,"comment_status":"closed","ping_status":"closed","template":"elementor_header_footer","meta":{"footnotes":""},"class_list":["post-1789","page","type-page","status-publish","hentry"],"_links":{"self":[{"href":"https:\/\/mmdsteel.com\/pt-pt\/wp-json\/wp\/v2\/pages\/1789","targetHints":{"allow":["GET"]}}],"collection":[{"href":"https:\/\/mmdsteel.com\/pt-pt\/wp-json\/wp\/v2\/pages"}],"about":[{"href":"https:\/\/mmdsteel.com\/pt-pt\/wp-json\/wp\/v2\/types\/page"}],"author":[{"embeddable":true,"href":"https:\/\/mmdsteel.com\/pt-pt\/wp-json\/wp\/v2\/users\/1"}],"replies":[{"embeddable":true,"href":"https:\/\/mmdsteel.com\/pt-pt\/wp-json\/wp\/v2\/comments?post=1789"}],"version-history":[{"count":9,"href":"https:\/\/mmdsteel.com\/pt-pt\/wp-json\/wp\/v2\/pages\/1789\/revisions"}],"predecessor-version":[{"id":2098,"href":"https:\/\/mmdsteel.com\/pt-pt\/wp-json\/wp\/v2\/pages\/1789\/revisions\/2098"}],"wp:attachment":[{"href":"https:\/\/mmdsteel.com\/pt-pt\/wp-json\/wp\/v2\/media?parent=1789"}],"curies":[{"name":"wp","href":"https:\/\/api.w.org\/{rel}","templated":true}]}}