{"id":1704,"date":"2024-01-23T14:08:14","date_gmt":"2024-01-23T19:08:14","guid":{"rendered":"http:\/\/fusiondg.ca\/mmd\/les-personnes\/histoire-de-siga\/"},"modified":"2024-03-12T17:10:23","modified_gmt":"2024-03-12T21:10:23","slug":"histoire-de-siga","status":"publish","type":"page","link":"https:\/\/mmdsteel.com\/fr\/les-personnes\/histoire-de-siga\/","title":{"rendered":"Histoire de Siga"},"content":{"rendered":"\t\t<div data-elementor-type=\"wp-page\" data-elementor-id=\"1704\" class=\"elementor elementor-1704 elementor-926\" data-elementor-post-type=\"page\">\n\t\t\t\t<div class=\"elementor-element elementor-element-b69b5ee e-flex e-con-boxed e-con e-parent\" data-id=\"b69b5ee\" data-element_type=\"container\" data-settings=\"{&quot;background_background&quot;:&quot;classic&quot;,&quot;jet_parallax_layout_list&quot;:[]}\">\n\t\t\t\t\t<div class=\"e-con-inner\">\n\t\t\t\t<div class=\"elementor-element elementor-element-1656ea4 back__btn elementor-invisible elementor-widget elementor-widget-heading\" data-id=\"1656ea4\" data-element_type=\"widget\" data-settings=\"{&quot;_animation&quot;:&quot;fadeIn&quot;}\" data-widget_type=\"heading.default\">\n\t\t\t\t<div class=\"elementor-widget-container\">\n\t\t\t\t\t<span class=\"elementor-heading-title elementor-size-default\"><a href=\"http:\/\/mmdsteel.com\/fr\/les-personnes\/\"><i>Retour<\/i><\/a><\/span>\t\t\t\t<\/div>\n\t\t\t\t<\/div>\n\t\t\t\t\t<\/div>\n\t\t\t\t<\/div>\n\t\t<div class=\"elementor-element elementor-element-98c69b7 e-con-full e-flex elementor-invisible e-con e-parent\" data-id=\"98c69b7\" data-element_type=\"container\" data-settings=\"{&quot;background_background&quot;:&quot;classic&quot;,&quot;animation&quot;:&quot;fadeIn&quot;,&quot;animation_delay&quot;:0.6,&quot;jet_parallax_layout_list&quot;:[]}\">\n\t\t<div class=\"elementor-element elementor-element-0b3ce14 e-con-full e-flex e-con e-child\" data-id=\"0b3ce14\" data-element_type=\"container\" data-settings=\"{&quot;jet_parallax_layout_list&quot;:[]}\">\n\t\t\t\t<div class=\"elementor-element elementor-element-f4aa92c elementor-invisible elementor-widget elementor-widget-image\" data-id=\"f4aa92c\" data-element_type=\"widget\" data-settings=\"{&quot;_animation&quot;:&quot;fadeIn&quot;,&quot;_animation_delay&quot;:1.2}\" data-widget_type=\"image.default\">\n\t\t\t\t<div class=\"elementor-widget-container\">\n\t\t\t\t\t\t\t\t\t\t\t\t\t\t\t<img fetchpriority=\"high\" decoding=\"async\" width=\"722\" height=\"738\" src=\"https:\/\/mmdsteel.com\/wp-content\/uploads\/2024\/01\/siga_2.png\" class=\"attachment-full size-full wp-image-929\" alt=\"\" srcset=\"https:\/\/mmdsteel.com\/wp-content\/uploads\/2024\/01\/siga_2.png 722w, https:\/\/mmdsteel.com\/wp-content\/uploads\/2024\/01\/siga_2-293x300.png 293w\" sizes=\"(max-width: 722px) 100vw, 722px\" \/>\t\t\t\t\t\t\t\t\t\t\t\t\t\t\t<\/div>\n\t\t\t\t<\/div>\n\t\t\t\t<\/div>\n\t\t<div class=\"elementor-element elementor-element-292dc5a e-con-full e-flex e-con e-child\" data-id=\"292dc5a\" data-element_type=\"container\" data-settings=\"{&quot;jet_parallax_layout_list&quot;:[]}\">\n\t\t\t\t<div class=\"elementor-element elementor-element-7b1c434 elementor-widget elementor-widget-heading\" data-id=\"7b1c434\" data-element_type=\"widget\" data-widget_type=\"heading.default\">\n\t\t\t\t<div class=\"elementor-widget-container\">\n\t\t\t\t\t<h1 class=\"elementor-heading-title elementor-size-default\">Siga Sakho<\/h1>\t\t\t\t<\/div>\n\t\t\t\t<\/div>\n\t\t\t\t<div class=\"elementor-element elementor-element-c0d2ed2 elementor-widget elementor-widget-text-editor\" data-id=\"c0d2ed2\" data-element_type=\"widget\" data-widget_type=\"text-editor.default\">\n\t\t\t\t<div class=\"elementor-widget-container\">\n\t\t\t\t\t\t\t\t\t<p>SENEGALESE<\/p>\n<p>FABRIMETAL SENEGAL<\/p>\n<p>MARKETING, COMMUNICATION, VENTES<\/p>\n\t\t\t\t\t\t\t\t<\/div>\n\t\t\t\t<\/div>\n\t\t\t\t<\/div>\n\t\t\t\t<\/div>\n\t\t<div class=\"elementor-element elementor-element-0f041f3 e-con-full e-flex e-con e-parent\" data-id=\"0f041f3\" data-element_type=\"container\" data-settings=\"{&quot;jet_parallax_layout_list&quot;:[]}\">\n\t\t<div class=\"elementor-element elementor-element-26f1aef e-con-full e-flex elementor-invisible e-con e-child\" data-id=\"26f1aef\" data-element_type=\"container\" data-settings=\"{&quot;animation&quot;:&quot;fadeIn&quot;,&quot;animation_delay&quot;:0.6,&quot;jet_parallax_layout_list&quot;:[]}\">\n\t\t\t\t<div class=\"elementor-element elementor-element-aaa53b0 elementor-widget elementor-widget-heading\" data-id=\"aaa53b0\" data-element_type=\"widget\" data-widget_type=\"heading.default\">\n\t\t\t\t<div class=\"elementor-widget-container\">\n\t\t\t\t\t<h4 class=\"elementor-heading-title elementor-size-default\">Le message<br> que je veux laisser est le suivant<\/h4>\t\t\t\t<\/div>\n\t\t\t\t<\/div>\n\t\t\t\t<div class=\"elementor-element elementor-element-a668f05 elementor-widget elementor-widget-heading\" data-id=\"a668f05\" data-element_type=\"widget\" data-widget_type=\"heading.default\">\n\t\t\t\t<div class=\"elementor-widget-container\">\n\t\t\t\t\t<h3 class=\"elementor-heading-title elementor-size-default\">Faites de votre mieux pour r\u00e9aliser votre r\u00eave. Chercher \u00e0 comprendre. Avoir de bonnes intentions. Favoriser l\u2019optimisme. Autoriser. Faire. Apprendre. Partager. It\u00e9rer.<\/h3>\t\t\t\t<\/div>\n\t\t\t\t<\/div>\n\t\t\t\t<\/div>\n\t\t<div class=\"elementor-element elementor-element-fc62e9e e-con-full e-flex elementor-invisible e-con e-child\" data-id=\"fc62e9e\" data-element_type=\"container\" data-settings=\"{&quot;animation&quot;:&quot;fadeIn&quot;,&quot;jet_parallax_layout_list&quot;:[]}\">\n\t\t<div class=\"elementor-element elementor-element-ca298d2 e-flex e-con-boxed elementor-invisible e-con e-child\" data-id=\"ca298d2\" data-element_type=\"container\" data-settings=\"{&quot;animation&quot;:&quot;fadeIn&quot;,&quot;animation_delay&quot;:0.6,&quot;jet_parallax_layout_list&quot;:[]}\">\n\t\t\t\t\t<div class=\"e-con-inner\">\n\t\t\t\t<div class=\"elementor-element elementor-element-630326a elementor-widget elementor-widget-heading\" data-id=\"630326a\" data-element_type=\"widget\" data-widget_type=\"heading.default\">\n\t\t\t\t<div class=\"elementor-widget-container\">\n\t\t\t\t\t<h4 class=\"elementor-heading-title elementor-size-default\">Qu\u2019est-ce qui vous a incit\u00e9 \u00e0 travailler pour le MMD ?<\/h4>\t\t\t\t<\/div>\n\t\t\t\t<\/div>\n\t\t\t\t<div class=\"elementor-element elementor-element-c4c93ad elementor-widget elementor-widget-text-editor\" data-id=\"c4c93ad\" data-element_type=\"widget\" data-widget_type=\"text-editor.default\">\n\t\t\t\t<div class=\"elementor-widget-container\">\n\t\t\t\t\t\t\t\t\t<p>Je suis n\u00e9e dans une famille de comp\u00e9titeurs, d\u00e9vou\u00e9s \u00e0 leur pays. Mon p\u00e8re avait l\u2019habitude de nous dire que notre vie professionnelle devait avoir un sens pour notre nation. Tous les membres de ma famille ont choisi des professions contribuant au d\u00e9veloppement \u00e9conomique de notre pays.<\/p>\n<p>Lors de l\u2019entretien avec Fabrimetal S\u00e9n\u00e9gal, j\u2019ai entendu l\u2019\u00e9cho de la voix de mon p\u00e8re. Je n\u2019aurais jamais imagin\u00e9 rencontrer des hommes et des femmes avec un tel sens du patriotisme. Des \u00e9toiles plein les yeux, j\u2019ai d\u00e9cid\u00e9 de faire partie de ce projet ambitieux et de cette grande aventure.<\/p>\n\t\t\t\t\t\t\t\t<\/div>\n\t\t\t\t<\/div>\n\t\t\t\t\t<\/div>\n\t\t\t\t<\/div>\n\t\t<div class=\"elementor-element elementor-element-208a5d0 e-flex e-con-boxed elementor-invisible e-con e-child\" data-id=\"208a5d0\" data-element_type=\"container\" data-settings=\"{&quot;animation&quot;:&quot;fadeIn&quot;,&quot;animation_delay&quot;:1.2,&quot;jet_parallax_layout_list&quot;:[]}\">\n\t\t\t\t\t<div class=\"e-con-inner\">\n\t\t\t\t<div class=\"elementor-element elementor-element-ec92f61 elementor-widget elementor-widget-heading\" data-id=\"ec92f61\" data-element_type=\"widget\" data-widget_type=\"heading.default\">\n\t\t\t\t<div class=\"elementor-widget-container\">\n\t\t\t\t\t<h4 class=\"elementor-heading-title elementor-size-default\">Quel est votre r\u00f4le actuel ?<\/h4>\t\t\t\t<\/div>\n\t\t\t\t<\/div>\n\t\t\t\t<div class=\"elementor-element elementor-element-964c28b elementor-widget elementor-widget-text-editor\" data-id=\"964c28b\" data-element_type=\"widget\" data-widget_type=\"text-editor.default\">\n\t\t\t\t<div class=\"elementor-widget-container\">\n\t\t\t\t\t\t\t\t\t<p>Je travaille avec des personnes d\u2019horizons diff\u00e9rents au sein de Fabrimetal pour fournir des produits qui d\u00e9passent les normes internationales. Nous travaillons main dans la main pour r\u00e9aliser la vision du groupe, dans le respect de nos valeurs communes : int\u00e9grit\u00e9, cr\u00e9ation d\u2019emplois, richesse \u00e9conomique et respect de l\u2019environnement.<\/p>\n\t\t\t\t\t\t\t\t<\/div>\n\t\t\t\t<\/div>\n\t\t\t\t\t<\/div>\n\t\t\t\t<\/div>\n\t\t<div class=\"elementor-element elementor-element-c3bc1b7 e-flex e-con-boxed elementor-invisible e-con e-child\" data-id=\"c3bc1b7\" data-element_type=\"container\" data-settings=\"{&quot;animation&quot;:&quot;fadeIn&quot;,&quot;animation_delay&quot;:0.6,&quot;jet_parallax_layout_list&quot;:[]}\">\n\t\t\t\t\t<div class=\"e-con-inner\">\n\t\t\t\t<div class=\"elementor-element elementor-element-349e44c elementor-widget elementor-widget-heading\" data-id=\"349e44c\" data-element_type=\"widget\" data-widget_type=\"heading.default\">\n\t\t\t\t<div class=\"elementor-widget-container\">\n\t\t\t\t\t<h4 class=\"elementor-heading-title elementor-size-default\">\u00c0 quoi ressemble votre journ\u00e9e type ?<\/h4>\t\t\t\t<\/div>\n\t\t\t\t<\/div>\n\t\t\t\t<div class=\"elementor-element elementor-element-803f02e elementor-widget elementor-widget-text-editor\" data-id=\"803f02e\" data-element_type=\"widget\" data-widget_type=\"text-editor.default\">\n\t\t\t\t<div class=\"elementor-widget-container\">\n\t\t\t\t\t\t\t\t\t<p>Mes journ\u00e9es ne se ressemblent pas et c\u2019est ce qui rend mon travail passionnant. Chaque jour est un d\u00e9fi. Nous nous effor\u00e7ons constamment de r\u00e9pondre aux exigences du march\u00e9. Je suis fi\u00e8re de promouvoir une marque et des produits qui cr\u00e9ent des valeurs et une v\u00e9ritable \u00e9conomie circulaire pour le S\u00e9n\u00e9gal.<\/p>\n\t\t\t\t\t\t\t\t<\/div>\n\t\t\t\t<\/div>\n\t\t\t\t\t<\/div>\n\t\t\t\t<\/div>\n\t\t<div class=\"elementor-element elementor-element-db676f6 e-flex e-con-boxed elementor-invisible e-con e-child\" data-id=\"db676f6\" data-element_type=\"container\" data-settings=\"{&quot;animation&quot;:&quot;fadeIn&quot;,&quot;animation_delay&quot;:1.2,&quot;jet_parallax_layout_list&quot;:[]}\">\n\t\t\t\t\t<div class=\"e-con-inner\">\n\t\t\t\t<div class=\"elementor-element elementor-element-f57d126 elementor-widget elementor-widget-heading\" data-id=\"f57d126\" data-element_type=\"widget\" data-widget_type=\"heading.default\">\n\t\t\t\t<div class=\"elementor-widget-container\">\n\t\t\t\t\t<h4 class=\"elementor-heading-title elementor-size-default\">Quelle est votre plus grande passion ?<\/h4>\t\t\t\t<\/div>\n\t\t\t\t<\/div>\n\t\t\t\t<div class=\"elementor-element elementor-element-a017a70 elementor-widget elementor-widget-text-editor\" data-id=\"a017a70\" data-element_type=\"widget\" data-widget_type=\"text-editor.default\">\n\t\t\t\t<div class=\"elementor-widget-container\">\n\t\t\t\t\t\t\t\t\t<p>Je suis passionn\u00e9 par les gens&#8230; et par la peinture.<\/p>\n\t\t\t\t\t\t\t\t<\/div>\n\t\t\t\t<\/div>\n\t\t\t\t\t<\/div>\n\t\t\t\t<\/div>\n\t\t\t\t<\/div>\n\t\t\t\t<\/div>\n\t\t\t\t<\/div>\n\t\t","protected":false},"excerpt":{"rendered":"<p>Retour Siga Sakho SENEGALESE FABRIMETAL SENEGAL MARKETING, COMMUNICATION, VENTES Le message que je veux laisser est le suivant Faites de votre mieux pour r\u00e9aliser votre r\u00eave. Chercher \u00e0 comprendre. Avoir de bonnes intentions. Favoriser l\u2019optimisme. Autoriser. Faire. Apprendre. Partager. It\u00e9rer. Qu\u2019est-ce qui vous a incit\u00e9 \u00e0 travailler pour le MMD ? Je suis n\u00e9e dans [&hellip;]<\/p>\n","protected":false},"author":1,"featured_media":0,"parent":1696,"menu_order":0,"comment_status":"closed","ping_status":"closed","template":"","meta":{"footnotes":""},"class_list":["post-1704","page","type-page","status-publish","hentry"],"_links":{"self":[{"href":"https:\/\/mmdsteel.com\/fr\/wp-json\/wp\/v2\/pages\/1704","targetHints":{"allow":["GET"]}}],"collection":[{"href":"https:\/\/mmdsteel.com\/fr\/wp-json\/wp\/v2\/pages"}],"about":[{"href":"https:\/\/mmdsteel.com\/fr\/wp-json\/wp\/v2\/types\/page"}],"author":[{"embeddable":true,"href":"https:\/\/mmdsteel.com\/fr\/wp-json\/wp\/v2\/users\/1"}],"replies":[{"embeddable":true,"href":"https:\/\/mmdsteel.com\/fr\/wp-json\/wp\/v2\/comments?post=1704"}],"version-history":[{"count":7,"href":"https:\/\/mmdsteel.com\/fr\/wp-json\/wp\/v2\/pages\/1704\/revisions"}],"predecessor-version":[{"id":2076,"href":"https:\/\/mmdsteel.com\/fr\/wp-json\/wp\/v2\/pages\/1704\/revisions\/2076"}],"up":[{"embeddable":true,"href":"https:\/\/mmdsteel.com\/fr\/wp-json\/wp\/v2\/pages\/1696"}],"wp:attachment":[{"href":"https:\/\/mmdsteel.com\/fr\/wp-json\/wp\/v2\/media?parent=1704"}],"curies":[{"name":"wp","href":"https:\/\/api.w.org\/{rel}","templated":true}]}}