{"id":1700,"date":"2024-01-23T13:14:49","date_gmt":"2024-01-23T18:14:49","guid":{"rendered":"http:\/\/fusiondg.ca\/mmd\/les-personnes\/lhistoire-de-jose\/"},"modified":"2024-02-23T15:38:20","modified_gmt":"2024-02-23T20:38:20","slug":"lhistoire-de-jose","status":"publish","type":"page","link":"https:\/\/mmdsteel.com\/fr\/les-personnes\/lhistoire-de-jose\/","title":{"rendered":"L\u2019histoire de Jos\u00e9"},"content":{"rendered":"\t\t<div data-elementor-type=\"wp-page\" data-elementor-id=\"1700\" class=\"elementor elementor-1700 elementor-891\" data-elementor-post-type=\"page\">\n\t\t\t\t<div class=\"elementor-element elementor-element-34c5913 e-flex e-con-boxed e-con e-parent\" data-id=\"34c5913\" data-element_type=\"container\" data-settings=\"{&quot;background_background&quot;:&quot;classic&quot;,&quot;jet_parallax_layout_list&quot;:[]}\">\n\t\t\t\t\t<div class=\"e-con-inner\">\n\t\t\t\t<div class=\"elementor-element elementor-element-c9c7af6 back__btn elementor-invisible elementor-widget elementor-widget-heading\" data-id=\"c9c7af6\" data-element_type=\"widget\" data-settings=\"{&quot;_animation&quot;:&quot;fadeIn&quot;}\" data-widget_type=\"heading.default\">\n\t\t\t\t<div class=\"elementor-widget-container\">\n\t\t\t\t\t<span class=\"elementor-heading-title elementor-size-default\"><a href=\"http:\/\/mmdsteel.com\/fr\/les-personnes\/\"><i>Retour<\/i><\/a><\/span>\t\t\t\t<\/div>\n\t\t\t\t<\/div>\n\t\t\t\t\t<\/div>\n\t\t\t\t<\/div>\n\t\t<div class=\"elementor-element elementor-element-70ed191 e-con-full e-flex elementor-invisible e-con e-parent\" data-id=\"70ed191\" data-element_type=\"container\" data-settings=\"{&quot;background_background&quot;:&quot;classic&quot;,&quot;animation&quot;:&quot;fadeIn&quot;,&quot;animation_delay&quot;:0.6,&quot;jet_parallax_layout_list&quot;:[]}\">\n\t\t<div class=\"elementor-element elementor-element-57ca94b e-con-full e-flex e-con e-child\" data-id=\"57ca94b\" data-element_type=\"container\" data-settings=\"{&quot;jet_parallax_layout_list&quot;:[]}\">\n\t\t\t\t<div class=\"elementor-element elementor-element-38736bb elementor-invisible elementor-widget elementor-widget-image\" data-id=\"38736bb\" data-element_type=\"widget\" data-settings=\"{&quot;_animation&quot;:&quot;fadeIn&quot;,&quot;_animation_delay&quot;:1.2}\" data-widget_type=\"image.default\">\n\t\t\t\t<div class=\"elementor-widget-container\">\n\t\t\t\t\t\t\t\t\t\t\t\t\t\t\t<img fetchpriority=\"high\" decoding=\"async\" width=\"718\" height=\"738\" src=\"https:\/\/mmdsteel.com\/wp-content\/uploads\/2023\/12\/jose-gouveia-gunza.png\" class=\"attachment-full size-full wp-image-456\" alt=\"\" srcset=\"https:\/\/mmdsteel.com\/wp-content\/uploads\/2023\/12\/jose-gouveia-gunza.png 718w, https:\/\/mmdsteel.com\/wp-content\/uploads\/2023\/12\/jose-gouveia-gunza-292x300.png 292w\" sizes=\"(max-width: 718px) 100vw, 718px\" \/>\t\t\t\t\t\t\t\t\t\t\t\t\t\t\t<\/div>\n\t\t\t\t<\/div>\n\t\t\t\t<\/div>\n\t\t<div class=\"elementor-element elementor-element-6beaf3d e-con-full e-flex e-con e-child\" data-id=\"6beaf3d\" data-element_type=\"container\" data-settings=\"{&quot;jet_parallax_layout_list&quot;:[]}\">\n\t\t\t\t<div class=\"elementor-element elementor-element-c4a4056 elementor-widget elementor-widget-heading\" data-id=\"c4a4056\" data-element_type=\"widget\" data-widget_type=\"heading.default\">\n\t\t\t\t<div class=\"elementor-widget-container\">\n\t\t\t\t\t<h1 class=\"elementor-heading-title elementor-size-default\">Jos\u00e9 Gouveia Gunza<\/h1>\t\t\t\t<\/div>\n\t\t\t\t<\/div>\n\t\t\t\t<div class=\"elementor-element elementor-element-ee2f5ed elementor-widget elementor-widget-text-editor\" data-id=\"ee2f5ed\" data-element_type=\"widget\" data-widget_type=\"text-editor.default\">\n\t\t\t\t<div class=\"elementor-widget-container\">\n\t\t\t\t\t\t\t\t\t<p>ANGOLAN<\/p>\n<p>DEPUIS LE 27 F\u00c9VRIER 2021<\/p>\n<p>OP\u00c9RATEUR DE PONT-BASCULE<\/p>\n\t\t\t\t\t\t\t\t<\/div>\n\t\t\t\t<\/div>\n\t\t\t\t<\/div>\n\t\t\t\t<\/div>\n\t\t<div class=\"elementor-element elementor-element-cf19ebb e-con-full e-flex e-con e-parent\" data-id=\"cf19ebb\" data-element_type=\"container\" data-settings=\"{&quot;jet_parallax_layout_list&quot;:[]}\">\n\t\t<div class=\"elementor-element elementor-element-a93db42 e-con-full e-flex elementor-invisible e-con e-child\" data-id=\"a93db42\" data-element_type=\"container\" data-settings=\"{&quot;animation&quot;:&quot;fadeIn&quot;,&quot;animation_delay&quot;:0.6,&quot;jet_parallax_layout_list&quot;:[]}\">\n\t\t\t\t<div class=\"elementor-element elementor-element-f200812 elementor-widget elementor-widget-heading\" data-id=\"f200812\" data-element_type=\"widget\" data-widget_type=\"heading.default\">\n\t\t\t\t<div class=\"elementor-widget-container\">\n\t\t\t\t\t<h4 class=\"elementor-heading-title elementor-size-default\">Le message<br> que je veux laisser est le suivant<\/h4>\t\t\t\t<\/div>\n\t\t\t\t<\/div>\n\t\t\t\t<div class=\"elementor-element elementor-element-61d7eb9 elementor-widget elementor-widget-heading\" data-id=\"61d7eb9\" data-element_type=\"widget\" data-widget_type=\"heading.default\">\n\t\t\t\t<div class=\"elementor-widget-container\">\n\t\t\t\t\t<h3 class=\"elementor-heading-title elementor-size-default\">Croyez toujours en vos objectifs et ne renoncez jamais \u00e0 les atteindre.<\/h3>\t\t\t\t<\/div>\n\t\t\t\t<\/div>\n\t\t\t\t<\/div>\n\t\t<div class=\"elementor-element elementor-element-131491c e-con-full e-flex elementor-invisible e-con e-child\" data-id=\"131491c\" data-element_type=\"container\" data-settings=\"{&quot;animation&quot;:&quot;fadeIn&quot;,&quot;jet_parallax_layout_list&quot;:[]}\">\n\t\t<div class=\"elementor-element elementor-element-1f0cfa0 e-flex e-con-boxed elementor-invisible e-con e-child\" data-id=\"1f0cfa0\" data-element_type=\"container\" data-settings=\"{&quot;animation&quot;:&quot;fadeIn&quot;,&quot;animation_delay&quot;:0.6,&quot;jet_parallax_layout_list&quot;:[]}\">\n\t\t\t\t\t<div class=\"e-con-inner\">\n\t\t\t\t<div class=\"elementor-element elementor-element-4a7619d elementor-widget elementor-widget-heading\" data-id=\"4a7619d\" data-element_type=\"widget\" data-widget_type=\"heading.default\">\n\t\t\t\t<div class=\"elementor-widget-container\">\n\t\t\t\t\t<h4 class=\"elementor-heading-title elementor-size-default\">Qu\u2019est-ce qui vous a incit\u00e9 \u00e0 travailler au sein de MMD ?<\/h4>\t\t\t\t<\/div>\n\t\t\t\t<\/div>\n\t\t\t\t<div class=\"elementor-element elementor-element-cb836d9 elementor-widget elementor-widget-text-editor\" data-id=\"cb836d9\" data-element_type=\"widget\" data-widget_type=\"text-editor.default\">\n\t\t\t\t<div class=\"elementor-widget-container\">\n\t\t\t\t\t\t\t\t\t<p>J\u2019ai toujours voulu relever le d\u00e9fi de travailler dans une usine. Lorsque Fabrimetal a ouvert ses portes pr\u00e8s de mon quartier, j\u2019ai d\u00e9cid\u00e9 de postuler pour un emploi. Je me d\u00e9place en fauteuil roulant et je me demandais s\u2019il \u00e9tait possible pour des personnes comme moi d\u2019y travailler. C\u2019\u00e9tait le cas !<\/p>\n\t\t\t\t\t\t\t\t<\/div>\n\t\t\t\t<\/div>\n\t\t\t\t\t<\/div>\n\t\t\t\t<\/div>\n\t\t<div class=\"elementor-element elementor-element-fbbe8a9 e-flex e-con-boxed elementor-invisible e-con e-child\" data-id=\"fbbe8a9\" data-element_type=\"container\" data-settings=\"{&quot;animation&quot;:&quot;fadeIn&quot;,&quot;animation_delay&quot;:1.2,&quot;jet_parallax_layout_list&quot;:[]}\">\n\t\t\t\t\t<div class=\"e-con-inner\">\n\t\t\t\t<div class=\"elementor-element elementor-element-ca0997d elementor-widget elementor-widget-heading\" data-id=\"ca0997d\" data-element_type=\"widget\" data-widget_type=\"heading.default\">\n\t\t\t\t<div class=\"elementor-widget-container\">\n\t\t\t\t\t<h4 class=\"elementor-heading-title elementor-size-default\">Quel est votre r\u00f4le actuel ?<\/h4>\t\t\t\t<\/div>\n\t\t\t\t<\/div>\n\t\t\t\t<div class=\"elementor-element elementor-element-53108ec elementor-widget elementor-widget-text-editor\" data-id=\"53108ec\" data-element_type=\"widget\" data-widget_type=\"text-editor.default\">\n\t\t\t\t<div class=\"elementor-widget-container\">\n\t\t\t\t\t\t\t\t\t<p>Je travaille comme op\u00e9rateur de pont-bascule et, lorsque mon coordinateur est en vacances, je suis son assistant pour les services administratifs dans le domaine des exp\u00e9ditions et des ponts-bascule. Ce qui me pla\u00eet le plus dans mon r\u00f4le, c\u2019est de fournir le mat\u00e9riel (tige, angle et autres) et d\u2019interagir avec les clients.<\/p>\n\t\t\t\t\t\t\t\t<\/div>\n\t\t\t\t<\/div>\n\t\t\t\t\t<\/div>\n\t\t\t\t<\/div>\n\t\t<div class=\"elementor-element elementor-element-95e14eb e-flex e-con-boxed elementor-invisible e-con e-child\" data-id=\"95e14eb\" data-element_type=\"container\" data-settings=\"{&quot;animation&quot;:&quot;fadeIn&quot;,&quot;animation_delay&quot;:0.6,&quot;jet_parallax_layout_list&quot;:[]}\">\n\t\t\t\t\t<div class=\"e-con-inner\">\n\t\t\t\t<div class=\"elementor-element elementor-element-2282c25 elementor-widget elementor-widget-heading\" data-id=\"2282c25\" data-element_type=\"widget\" data-widget_type=\"heading.default\">\n\t\t\t\t<div class=\"elementor-widget-container\">\n\t\t\t\t\t<h4 class=\"elementor-heading-title elementor-size-default\">\u00c0 quoi ressemble votre journ\u00e9e type ?<\/h4>\t\t\t\t<\/div>\n\t\t\t\t<\/div>\n\t\t\t\t<div class=\"elementor-element elementor-element-8299766 elementor-widget elementor-widget-text-editor\" data-id=\"8299766\" data-element_type=\"widget\" data-widget_type=\"text-editor.default\">\n\t\t\t\t<div class=\"elementor-widget-container\">\n\t\t\t\t\t\t\t\t\t<p>Lorsque j\u2019arrive \u00e0 mon poste de travail \u00e0 7 heures du matin, je contr\u00f4le tout le mat\u00e9riel qui passe par pont-bascule, en mettant l\u2019accent sur l\u2019exp\u00e9dition des tiges, l\u2019angle, etc. Je note le poids d\u2019entr\u00e9e, j\u2019emm\u00e8ne le re\u00e7u dans la zone commerciale et ensuite sur le terrain pour le chargement. Ensuite, j\u2019organise les documents pour les remettre aux clients. J\u2019aime beaucoup travailler dans le domaine de la communication et de l\u2019image pour les institutions.<\/p>\n\t\t\t\t\t\t\t\t<\/div>\n\t\t\t\t<\/div>\n\t\t\t\t\t<\/div>\n\t\t\t\t<\/div>\n\t\t<div class=\"elementor-element elementor-element-a85d96d e-flex e-con-boxed elementor-invisible e-con e-child\" data-id=\"a85d96d\" data-element_type=\"container\" data-settings=\"{&quot;animation&quot;:&quot;fadeIn&quot;,&quot;animation_delay&quot;:1.2,&quot;jet_parallax_layout_list&quot;:[]}\">\n\t\t\t\t\t<div class=\"e-con-inner\">\n\t\t\t\t<div class=\"elementor-element elementor-element-285b9b8 elementor-widget elementor-widget-heading\" data-id=\"285b9b8\" data-element_type=\"widget\" data-widget_type=\"heading.default\">\n\t\t\t\t<div class=\"elementor-widget-container\">\n\t\t\t\t\t<h4 class=\"elementor-heading-title elementor-size-default\">Quel est l\u2019aspect le plus int\u00e9ressant de votre travail au sein de MMD ?<\/h4>\t\t\t\t<\/div>\n\t\t\t\t<\/div>\n\t\t\t\t<div class=\"elementor-element elementor-element-5dde51b elementor-widget elementor-widget-text-editor\" data-id=\"5dde51b\" data-element_type=\"widget\" data-widget_type=\"text-editor.default\">\n\t\t\t\t<div class=\"elementor-widget-container\">\n\t\t\t\t\t\t\t\t\t<p>J\u2019appr\u00e9cie les bonnes relations entre coll\u00e8gues et l\u2019absence de pr\u00e9jug\u00e9s ou de discrimination. Je suis \u00e9galement reconnaissante \u00e0 l\u2019entreprise de fournir \u00e0 ses employ\u00e9s une aide sociale, comme du mat\u00e9riel scolaire pour nos enfants.<\/p>\n\t\t\t\t\t\t\t\t<\/div>\n\t\t\t\t<\/div>\n\t\t\t\t\t<\/div>\n\t\t\t\t<\/div>\n\t\t<div class=\"elementor-element elementor-element-68d7bda e-flex e-con-boxed elementor-invisible e-con e-child\" data-id=\"68d7bda\" data-element_type=\"container\" data-settings=\"{&quot;animation&quot;:&quot;fadeIn&quot;,&quot;animation_delay&quot;:0.6,&quot;jet_parallax_layout_list&quot;:[]}\">\n\t\t\t\t\t<div class=\"e-con-inner\">\n\t\t\t\t<div class=\"elementor-element elementor-element-81ab6c1 elementor-widget elementor-widget-heading\" data-id=\"81ab6c1\" data-element_type=\"widget\" data-widget_type=\"heading.default\">\n\t\t\t\t<div class=\"elementor-widget-container\">\n\t\t\t\t\t<h4 class=\"elementor-heading-title elementor-size-default\">Quels sont vos objectifs futurs ?<\/h4>\t\t\t\t<\/div>\n\t\t\t\t<\/div>\n\t\t\t\t<div class=\"elementor-element elementor-element-e2d3261 elementor-widget elementor-widget-text-editor\" data-id=\"e2d3261\" data-element_type=\"widget\" data-widget_type=\"text-editor.default\">\n\t\t\t\t<div class=\"elementor-widget-container\">\n\t\t\t\t\t\t\t\t\t<p>Mon ambition est de contribuer \u00e0 la croissance de l\u2019entreprise et de poursuivre mes propres \u00e9tudes sup\u00e9rieures, ce qui am\u00e9liorera mes revenus et me permettra d\u2019acheter ma propre maison.<\/p>\n\t\t\t\t\t\t\t\t<\/div>\n\t\t\t\t<\/div>\n\t\t\t\t\t<\/div>\n\t\t\t\t<\/div>\n\t\t<div class=\"elementor-element elementor-element-3946cba e-flex e-con-boxed elementor-invisible e-con e-child\" data-id=\"3946cba\" data-element_type=\"container\" data-settings=\"{&quot;animation&quot;:&quot;fadeIn&quot;,&quot;animation_delay&quot;:1.2,&quot;jet_parallax_layout_list&quot;:[]}\">\n\t\t\t\t\t<div class=\"e-con-inner\">\n\t\t\t\t<div class=\"elementor-element elementor-element-9f90335 elementor-widget elementor-widget-heading\" data-id=\"9f90335\" data-element_type=\"widget\" data-widget_type=\"heading.default\">\n\t\t\t\t<div class=\"elementor-widget-container\">\n\t\t\t\t\t<h4 class=\"elementor-heading-title elementor-size-default\">Quelle est votre plus grande passion ?<\/h4>\t\t\t\t<\/div>\n\t\t\t\t<\/div>\n\t\t\t\t<div class=\"elementor-element elementor-element-ce6e78d elementor-widget elementor-widget-text-editor\" data-id=\"ce6e78d\" data-element_type=\"widget\" data-widget_type=\"text-editor.default\">\n\t\t\t\t<div class=\"elementor-widget-container\">\n\t\t\t\t\t\t\t\t\t<p>Ma plus grande passion est de communiquer avec les autres.<\/p>\n\t\t\t\t\t\t\t\t<\/div>\n\t\t\t\t<\/div>\n\t\t\t\t\t<\/div>\n\t\t\t\t<\/div>\n\t\t\t\t<\/div>\n\t\t\t\t<\/div>\n\t\t\t\t<\/div>\n\t\t","protected":false},"excerpt":{"rendered":"<p>Retour Jos\u00e9 Gouveia Gunza ANGOLAN DEPUIS LE 27 F\u00c9VRIER 2021 OP\u00c9RATEUR DE PONT-BASCULE Le message que je veux laisser est le suivant Croyez toujours en vos objectifs et ne renoncez jamais \u00e0 les atteindre. Qu\u2019est-ce qui vous a incit\u00e9 \u00e0 travailler au sein de MMD ? J\u2019ai toujours voulu relever le d\u00e9fi de travailler dans [&hellip;]<\/p>\n","protected":false},"author":1,"featured_media":0,"parent":1696,"menu_order":0,"comment_status":"closed","ping_status":"closed","template":"","meta":{"footnotes":""},"class_list":["post-1700","page","type-page","status-publish","hentry"],"_links":{"self":[{"href":"https:\/\/mmdsteel.com\/fr\/wp-json\/wp\/v2\/pages\/1700","targetHints":{"allow":["GET"]}}],"collection":[{"href":"https:\/\/mmdsteel.com\/fr\/wp-json\/wp\/v2\/pages"}],"about":[{"href":"https:\/\/mmdsteel.com\/fr\/wp-json\/wp\/v2\/types\/page"}],"author":[{"embeddable":true,"href":"https:\/\/mmdsteel.com\/fr\/wp-json\/wp\/v2\/users\/1"}],"replies":[{"embeddable":true,"href":"https:\/\/mmdsteel.com\/fr\/wp-json\/wp\/v2\/comments?post=1700"}],"version-history":[{"count":5,"href":"https:\/\/mmdsteel.com\/fr\/wp-json\/wp\/v2\/pages\/1700\/revisions"}],"predecessor-version":[{"id":1944,"href":"https:\/\/mmdsteel.com\/fr\/wp-json\/wp\/v2\/pages\/1700\/revisions\/1944"}],"up":[{"embeddable":true,"href":"https:\/\/mmdsteel.com\/fr\/wp-json\/wp\/v2\/pages\/1696"}],"wp:attachment":[{"href":"https:\/\/mmdsteel.com\/fr\/wp-json\/wp\/v2\/media?parent=1700"}],"curies":[{"name":"wp","href":"https:\/\/api.w.org\/{rel}","templated":true}]}}