{"id":1696,"date":"2024-01-23T11:03:23","date_gmt":"2024-01-23T16:03:23","guid":{"rendered":"http:\/\/fusiondg.ca\/mmd\/les-personnes\/"},"modified":"2024-03-12T17:09:43","modified_gmt":"2024-03-12T21:09:43","slug":"les-personnes","status":"publish","type":"page","link":"https:\/\/mmdsteel.com\/fr\/les-personnes\/","title":{"rendered":"Nos Talents"},"content":{"rendered":"\t\t<div data-elementor-type=\"wp-page\" data-elementor-id=\"1696\" class=\"elementor elementor-1696 elementor-861\" data-elementor-post-type=\"page\">\n\t\t\t\t<div class=\"elementor-element elementor-element-d9f400c e-flex e-con-boxed e-con e-parent\" data-id=\"d9f400c\" data-element_type=\"container\" data-settings=\"{&quot;background_background&quot;:&quot;classic&quot;,&quot;jet_parallax_layout_list&quot;:[]}\">\n\t\t\t\t\t<div class=\"e-con-inner\">\n\t\t\t\t<div class=\"elementor-element elementor-element-ae9b2ce elementor-invisible elementor-widget elementor-widget-heading\" data-id=\"ae9b2ce\" data-element_type=\"widget\" data-settings=\"{&quot;_animation&quot;:&quot;fadeIn&quot;}\" data-widget_type=\"heading.default\">\n\t\t\t\t<div class=\"elementor-widget-container\">\n\t\t\t\t\t<h1 class=\"elementor-heading-title elementor-size-default\">Nos Talents<\/h1>\t\t\t\t<\/div>\n\t\t\t\t<\/div>\n\t\t\t\t<div class=\"elementor-element elementor-element-e102f5a elementor-invisible elementor-widget elementor-widget-text-editor\" data-id=\"e102f5a\" data-element_type=\"widget\" data-settings=\"{&quot;_animation&quot;:&quot;fadeIn&quot;,&quot;_animation_delay&quot;:0.6}\" data-widget_type=\"text-editor.default\">\n\t\t\t\t<div class=\"elementor-widget-container\">\n\t\t\t\t\t\t\t\t\t<p>MMD favorise l\u2019\u00e9mergence d\u2019une main-d\u2019\u0153uvre locale qualifi\u00e9e et donne aux gens les moyens de construire leur avenir.<\/p>\n\t\t\t\t\t\t\t\t<\/div>\n\t\t\t\t<\/div>\n\t\t\t\t\t<\/div>\n\t\t\t\t<\/div>\n\t\t<div class=\"elementor-element elementor-element-4dd1df0 e-flex e-con-boxed e-con e-parent\" data-id=\"4dd1df0\" data-element_type=\"container\" data-settings=\"{&quot;jet_parallax_layout_list&quot;:[],&quot;background_background&quot;:&quot;classic&quot;}\">\n\t\t\t\t\t<div class=\"e-con-inner\">\n\t\t<div class=\"elementor-element elementor-element-d908821 e-flex e-con-boxed elementor-invisible e-con e-child\" data-id=\"d908821\" data-element_type=\"container\" data-settings=\"{&quot;jet_parallax_layout_list&quot;:[],&quot;animation&quot;:&quot;fadeIn&quot;,&quot;animation_delay&quot;:0.6}\">\n\t\t\t\t\t<div class=\"e-con-inner\">\n\t\t\t\t<div class=\"elementor-element elementor-element-2c2df21 elementor-invisible elementor-widget elementor-widget-text-editor\" data-id=\"2c2df21\" data-element_type=\"widget\" data-settings=\"{&quot;_animation&quot;:&quot;fadeIn&quot;}\" data-widget_type=\"text-editor.default\">\n\t\t\t\t<div class=\"elementor-widget-container\">\n\t\t\t\t\t\t\t\t\t<p>MMD cr\u00e9e des moyens de subsistance durables pour les populations africaines en recrutant, en formant et en autonomisant les travailleurs locaux dans nos usines de fabrication en Angola, au B\u00e9nin, au Burkina Faso, au Burundi, en RDC, au Ghana, au Mali, au Rwanda et au S\u00e9n\u00e9gal. Nous sommes \u00e9thiques et transparents, et nous d\u00e9passons les normes et les attentes de nos clients. Nous tendons vers des standards \u00e9lev\u00e9s en mati\u00e8re, un travail d\u2019\u00e9quipe coh\u00e9sif et des opportunit\u00e9s de leadership.<\/p>\n\t\t\t\t\t\t\t\t<\/div>\n\t\t\t\t<\/div>\n\t\t\t\t\t<\/div>\n\t\t\t\t<\/div>\n\t\t\t\t\t<\/div>\n\t\t\t\t<\/div>\n\t\t<div class=\"elementor-element elementor-element-1ace4fe e-flex e-con-boxed e-con e-parent\" data-id=\"1ace4fe\" data-element_type=\"container\" data-settings=\"{&quot;jet_parallax_layout_list&quot;:[]}\">\n\t\t\t\t\t<div class=\"e-con-inner\">\n\t\t<div class=\"elementor-element elementor-element-0741cab e-flex e-con-boxed elementor-invisible e-con e-child\" data-id=\"0741cab\" data-element_type=\"container\" data-settings=\"{&quot;jet_parallax_layout_list&quot;:[],&quot;animation&quot;:&quot;fadeIn&quot;,&quot;animation_delay&quot;:0.6}\">\n\t\t\t\t\t<div class=\"e-con-inner\">\n\t\t\t\t<div class=\"elementor-element elementor-element-b221935 heading__tail--red elementor-invisible elementor-widget elementor-widget-heading\" data-id=\"b221935\" data-element_type=\"widget\" data-settings=\"{&quot;_animation&quot;:&quot;fadeIn&quot;,&quot;_animation_delay&quot;:0.3}\" data-widget_type=\"heading.default\">\n\t\t\t\t<div class=\"elementor-widget-container\">\n\t\t\t\t\t<h2 class=\"elementor-heading-title elementor-size-default\">QUI FAIT DE MMD <i>UNE ENTREPRISE EXTRAORDINAIRE <\/i>  <\/h2>\t\t\t\t<\/div>\n\t\t\t\t<\/div>\n\t\t\t\t<div class=\"elementor-element elementor-element-880f373 elementor-testimonial--layout-image_left testimonial elementor-hidden-mobile elementor-testimonial--skin-default elementor-testimonial--align-center elementor-invisible elementor-widget elementor-widget-testimonial-carousel\" data-id=\"880f373\" data-element_type=\"widget\" data-settings=\"{&quot;space_between&quot;:{&quot;unit&quot;:&quot;px&quot;,&quot;size&quot;:&quot;&quot;,&quot;sizes&quot;:[]},&quot;space_between_tablet&quot;:{&quot;unit&quot;:&quot;px&quot;,&quot;size&quot;:&quot;&quot;,&quot;sizes&quot;:[]},&quot;_animation&quot;:&quot;fadeIn&quot;,&quot;_animation_delay&quot;:0.6,&quot;space_between_mobile&quot;:{&quot;unit&quot;:&quot;px&quot;,&quot;size&quot;:10,&quot;sizes&quot;:[]}}\" data-widget_type=\"testimonial-carousel.default\">\n\t\t\t\t<div class=\"elementor-widget-container\">\n\t\t\t\t\t\t\t\t\t<div class=\"elementor-swiper\">\n\t\t\t\t\t<div class=\"elementor-main-swiper swiper\" role=\"region\" aria-roledescription=\"carousel\" aria-label=\"Diapositives\">\n\t\t\t\t<div class=\"swiper-wrapper\">\n\t\t\t\t\t\t\t\t\t\t\t<div class=\"swiper-slide\" role=\"group\" aria-roledescription=\"slide\">\n\t\t\t\t\t\t\t\t\t<div class=\"elementor-testimonial\">\n\t\t\t\t\t\t\t<div class=\"elementor-testimonial__content\">\n\t\t\t\t\t<div class=\"elementor-testimonial__text\">\n\t\t\t\t\t\t<p>Lorsqu\u2019une usine a ouvert ses portes dans mon quartier, je ne savais pas si le fait d\u2019\u00eatre en fauteuil roulant affecterait mes chances d\u2019y travailler. <\/p>\n<p>J\u2019ai d\u00e9cid\u00e9 de frapper \u00e0 la porte du responsable du personnel et de la culture pour demander une opportunit\u00e9 d\u2019emploi. J\u2019ai \u00e9t\u00e9 embauch\u00e9 en f\u00e9vrier 2021 et je travaille actuellement comme op\u00e9rateur de pont-bascule.<br \/>\n<a href=\"http:\/\/mmdsteel.com\/fr\/les-personnes\/lhistoire-de-jose\/\"><\/p>\n<div class=\"main__button--arrow\" style=\"margin-top: 2em\">LIRE L<i style=\"font-style: italic\">\u2019ENTREVUE<\/i><\/div>\n<p><\/a><\/p>\n\t\t\t\t\t<\/div>\n\t\t\t\t\t<cite class=\"elementor-testimonial__cite\"><span class=\"elementor-testimonial__name\">Jos\u00e9 Gouveia Gunza<\/span><span class=\"elementor-testimonial__title\">OP\u00c9RATEUR DE PONT-BASCULE<\/span><\/cite>\t\t\t\t<\/div>\n\t\t\t\t\t\t<div class=\"elementor-testimonial__footer\">\n\t\t\t\t\t\t\t\t\t<div class=\"elementor-testimonial__image\">\n\t\t\t\t\t\t<img decoding=\"async\" src=\"https:\/\/mmdsteel.com\/wp-content\/uploads\/2024\/01\/Jose.png\" alt=\"Jos\u00e9 Gouveia Gunza\">\n\t\t\t\t\t\t\t\t\t\t\t<\/div>\n\t\t\t\t\t\t\t\t\t\t\t<\/div>\n\t\t<\/div>\n\t\t\t\t\t\t\t\t<\/div>\n\t\t\t\t\t\t\t\t\t<\/div>\n\t\t\t\t\t\t\t<\/div>\n\t\t\t\t<\/div>\n\t\t\t\t\t\t\t\t<\/div>\n\t\t\t\t<\/div>\n\t\t\t\t<div class=\"elementor-element elementor-element-4804902 elementor-testimonial--layout-image_left testimonial elementor-hidden-mobile elementor-testimonial--skin-default elementor-testimonial--align-center elementor-invisible elementor-widget elementor-widget-testimonial-carousel\" data-id=\"4804902\" data-element_type=\"widget\" data-settings=\"{&quot;speed&quot;:1000,&quot;space_between&quot;:{&quot;unit&quot;:&quot;px&quot;,&quot;size&quot;:&quot;&quot;,&quot;sizes&quot;:[]},&quot;space_between_tablet&quot;:{&quot;unit&quot;:&quot;px&quot;,&quot;size&quot;:&quot;&quot;,&quot;sizes&quot;:[]},&quot;_animation&quot;:&quot;fadeIn&quot;,&quot;_animation_delay&quot;:1.2,&quot;space_between_mobile&quot;:{&quot;unit&quot;:&quot;px&quot;,&quot;size&quot;:10,&quot;sizes&quot;:[]}}\" data-widget_type=\"testimonial-carousel.default\">\n\t\t\t\t<div class=\"elementor-widget-container\">\n\t\t\t\t\t\t\t\t\t<div class=\"elementor-swiper\">\n\t\t\t\t\t<div class=\"elementor-main-swiper swiper\" role=\"region\" aria-roledescription=\"carousel\" aria-label=\"Diapositives\">\n\t\t\t\t<div class=\"swiper-wrapper\">\n\t\t\t\t\t\t\t\t\t\t\t<div class=\"swiper-slide\" role=\"group\" aria-roledescription=\"slide\">\n\t\t\t\t\t\t\t\t\t<div class=\"elementor-testimonial\">\n\t\t\t\t\t\t\t<div class=\"elementor-testimonial__content\">\n\t\t\t\t\t<div class=\"elementor-testimonial__text\">\n\t\t\t\t\t\t<p>Je suis n\u00e9e dans une famille de comp\u00e9titeurs, d\u00e9vou\u00e9s \u00e0 leur pays. Mon p\u00e8re avait l\u2019habitude de nous dire que notre vie professionnelle devait avoir un sens pour notre nation. Nous choisissons tous des professions qui contribuent au d\u00e9veloppement \u00e9conomique de notre pays.<br \/>\n<a href=\"http:\/\/mmdsteel.com\/people\/siga-story\/\"><\/p>\n<div class=\"main__button--arrow\" style=\"margin-top: 2em\">LIRE L<i style=\"font-style: italic\">\u2019ENTREVUE<\/i><\/div>\n<p><\/a><\/p>\n\t\t\t\t\t<\/div>\n\t\t\t\t\t<cite class=\"elementor-testimonial__cite\"><span class=\"elementor-testimonial__name\">Siga Sakho<\/span><span class=\"elementor-testimonial__title\">MARKETING, COMMUNICATION, VENTES<\/span><\/cite>\t\t\t\t<\/div>\n\t\t\t\t\t\t<div class=\"elementor-testimonial__footer\">\n\t\t\t\t\t\t\t\t\t<div class=\"elementor-testimonial__image\">\n\t\t\t\t\t\t<img decoding=\"async\" src=\"https:\/\/mmdsteel.com\/wp-content\/uploads\/2024\/01\/Siga.png\" alt=\"Siga Sakho\">\n\t\t\t\t\t\t\t\t\t\t\t<\/div>\n\t\t\t\t\t\t\t\t\t\t\t<\/div>\n\t\t<\/div>\n\t\t\t\t\t\t\t\t<\/div>\n\t\t\t\t\t\t\t\t\t<\/div>\n\t\t\t\t\t\t\t<\/div>\n\t\t\t\t<\/div>\n\t\t\t\t\t\t\t\t<\/div>\n\t\t\t\t<\/div>\n\t\t\t\t<div class=\"elementor-element elementor-element-af22890 elementor-testimonial--layout-image_above testimonial elementor-testimonial--mobile-align-center elementor-hidden-desktop elementor-hidden-tablet elementor-testimonial--skin-default elementor-testimonial--align-center elementor-widget elementor-widget-testimonial-carousel\" data-id=\"af22890\" data-element_type=\"widget\" data-settings=\"{&quot;space_between&quot;:{&quot;unit&quot;:&quot;px&quot;,&quot;size&quot;:&quot;&quot;,&quot;sizes&quot;:[]},&quot;space_between_tablet&quot;:{&quot;unit&quot;:&quot;px&quot;,&quot;size&quot;:&quot;&quot;,&quot;sizes&quot;:[]},&quot;space_between_mobile&quot;:{&quot;unit&quot;:&quot;px&quot;,&quot;size&quot;:&quot;&quot;,&quot;sizes&quot;:[]}}\" data-widget_type=\"testimonial-carousel.default\">\n\t\t\t\t<div class=\"elementor-widget-container\">\n\t\t\t\t\t\t\t\t\t<div class=\"elementor-swiper\">\n\t\t\t\t\t<div class=\"elementor-main-swiper swiper\" role=\"region\" aria-roledescription=\"carousel\" aria-label=\"Diapositives\">\n\t\t\t\t<div class=\"swiper-wrapper\">\n\t\t\t\t\t\t\t\t\t\t\t<div class=\"swiper-slide\" role=\"group\" aria-roledescription=\"slide\">\n\t\t\t\t\t\t\t\t\t<div class=\"elementor-testimonial\">\n\t\t\t\t\t\t\t<div class=\"elementor-testimonial__content\">\n\t\t\t\t\t<div class=\"elementor-testimonial__text\">\n\t\t\t\t\t\t<p>Lorsqu'une usine a ouvert ses portes dans mon quartier, je ne savais pas si le fait d\u2019\u00eatre en fauteuil roulant affecterait mes chances d\u2019y travailler. <\/p>\n<p>J\u2019ai d\u00e9cid\u00e9 de frapper \u00e0 la porte du responsable du personnel et de la culture pour demander une opportunit\u00e9 d\u2019emploi. J'ai \u00e9t\u00e9 embauch\u00e9 en f\u00e9vrier 2021 et je travaille actuellement comme op\u00e9rateur de pont-bascule.<\/p>\n<div class=\"main__button--arrow\" style=\"margin-top: 2em\"><a href=\"http:\/\/mmdsteel.com\/fr\/les-personnes\/lhistoire-de-jose\/\">LIRE L<i style=\"font-style: italic\">\u2019ENTREVUE<\/i><\/a><\/div>\n\t\t\t\t\t<\/div>\n\t\t\t\t\t<cite class=\"elementor-testimonial__cite\"><span class=\"elementor-testimonial__name\">Jos\u00e9 Gouveia Gunza<\/span><span class=\"elementor-testimonial__title\">OP\u00c9RATEUR DE PONT-BASCULE<\/span><\/cite>\t\t\t\t<\/div>\n\t\t\t\t\t\t<div class=\"elementor-testimonial__footer\">\n\t\t\t\t\t\t\t\t\t<div class=\"elementor-testimonial__image\">\n\t\t\t\t\t\t<img decoding=\"async\" src=\"https:\/\/mmdsteel.com\/wp-content\/uploads\/2024\/01\/Jose.png\" alt=\"Jos\u00e9 Gouveia Gunza\">\n\t\t\t\t\t\t\t\t\t\t\t<\/div>\n\t\t\t\t\t\t\t\t\t\t\t<\/div>\n\t\t<\/div>\n\t\t\t\t\t\t\t\t<\/div>\n\t\t\t\t\t\t\t\t\t<\/div>\n\t\t\t\t\t\t\t<\/div>\n\t\t\t\t<\/div>\n\t\t\t\t\t\t\t\t<\/div>\n\t\t\t\t<\/div>\n\t\t\t\t<div class=\"elementor-element elementor-element-ad23794 elementor-testimonial--layout-image_above testimonial elementor-testimonial--mobile-align-center elementor-hidden-desktop elementor-hidden-tablet elementor-testimonial--skin-default elementor-testimonial--align-center elementor-widget elementor-widget-testimonial-carousel\" data-id=\"ad23794\" data-element_type=\"widget\" data-settings=\"{&quot;space_between&quot;:{&quot;unit&quot;:&quot;px&quot;,&quot;size&quot;:&quot;&quot;,&quot;sizes&quot;:[]},&quot;space_between_tablet&quot;:{&quot;unit&quot;:&quot;px&quot;,&quot;size&quot;:&quot;&quot;,&quot;sizes&quot;:[]},&quot;space_between_mobile&quot;:{&quot;unit&quot;:&quot;px&quot;,&quot;size&quot;:&quot;&quot;,&quot;sizes&quot;:[]}}\" data-widget_type=\"testimonial-carousel.default\">\n\t\t\t\t<div class=\"elementor-widget-container\">\n\t\t\t\t\t\t\t\t\t<div class=\"elementor-swiper\">\n\t\t\t\t\t<div class=\"elementor-main-swiper swiper\" role=\"region\" aria-roledescription=\"carousel\" aria-label=\"Diapositives\">\n\t\t\t\t<div class=\"swiper-wrapper\">\n\t\t\t\t\t\t\t\t\t\t\t<div class=\"swiper-slide\" role=\"group\" aria-roledescription=\"slide\">\n\t\t\t\t\t\t\t\t\t<div class=\"elementor-testimonial\">\n\t\t\t\t\t\t\t<div class=\"elementor-testimonial__content\">\n\t\t\t\t\t<div class=\"elementor-testimonial__text\">\n\t\t\t\t\t\t<p>Je suis n\u00e9e dans une famille de comp\u00e9titeurs, d\u00e9vou\u00e9s \u00e0 leur pays. Mon p\u00e8re avait l'habitude de nous dire que notre vie professionnelle devait avoir un sens pour notre nation. Nous choisissons tous des professions qui contribuent au d\u00e9veloppement \u00e9conomique de notre pays.<\/p>\n<div class=\"main__button--arrow\" style=\"margin-top: 2em\"><a href=\"http:\/\/mmdsteel.com\/people\/siga-story\/\">LIRE L<i style=\"font-style: italic\">\u2019ENTREVUE<\/i><\/a><\/div>\n\t\t\t\t\t<\/div>\n\t\t\t\t\t<cite class=\"elementor-testimonial__cite\"><span class=\"elementor-testimonial__name\">Siga Sakho<\/span><span class=\"elementor-testimonial__title\">MARKETING, COMMUNICATION, VENTES<\/span><\/cite>\t\t\t\t<\/div>\n\t\t\t\t\t\t<div class=\"elementor-testimonial__footer\">\n\t\t\t\t\t\t\t\t\t<div class=\"elementor-testimonial__image\">\n\t\t\t\t\t\t<img decoding=\"async\" src=\"https:\/\/mmdsteel.com\/wp-content\/uploads\/2024\/01\/Siga.png\" alt=\"Siga Sakho\">\n\t\t\t\t\t\t\t\t\t\t\t<\/div>\n\t\t\t\t\t\t\t\t\t\t\t<\/div>\n\t\t<\/div>\n\t\t\t\t\t\t\t\t<\/div>\n\t\t\t\t\t\t\t\t\t<\/div>\n\t\t\t\t\t\t\t<\/div>\n\t\t\t\t<\/div>\n\t\t\t\t\t\t\t\t<\/div>\n\t\t\t\t<\/div>\n\t\t\t\t\t<\/div>\n\t\t\t\t<\/div>\n\t\t\t\t\t<\/div>\n\t\t\t\t<\/div>\n\t\t<div class=\"elementor-element elementor-element-9daac20 e-flex e-con-boxed e-con e-parent\" data-id=\"9daac20\" data-element_type=\"container\" data-settings=\"{&quot;background_background&quot;:&quot;classic&quot;,&quot;motion_fx_motion_fx_scrolling&quot;:&quot;yes&quot;,&quot;jet_parallax_layout_list&quot;:[],&quot;motion_fx_devices&quot;:[&quot;desktop&quot;,&quot;tablet&quot;,&quot;mobile&quot;]}\">\n\t\t\t\t\t<div class=\"e-con-inner\">\n\t\t<div class=\"elementor-element elementor-element-705bb6e e-grid e-con-boxed e-con e-child\" data-id=\"705bb6e\" data-element_type=\"container\" data-settings=\"{&quot;jet_parallax_layout_list&quot;:[]}\">\n\t\t\t\t\t<div class=\"e-con-inner\">\n\t\t<div class=\"elementor-element elementor-element-e19d5a1 e-flex e-con-boxed elementor-invisible e-con e-child\" data-id=\"e19d5a1\" data-element_type=\"container\" data-settings=\"{&quot;animation&quot;:&quot;fadeIn&quot;,&quot;animation_delay&quot;:0.6,&quot;jet_parallax_layout_list&quot;:[]}\">\n\t\t\t\t\t<div class=\"e-con-inner\">\n\t\t\t\t<div class=\"elementor-element elementor-element-da4fce9 heading__tail--red elementor-widget elementor-widget-heading\" data-id=\"da4fce9\" data-element_type=\"widget\" data-widget_type=\"heading.default\">\n\t\t\t\t<div class=\"elementor-widget-container\">\n\t\t\t\t\t<h2 class=\"elementor-heading-title elementor-size-default\">MMD BUZZ<\/h2>\t\t\t\t<\/div>\n\t\t\t\t<\/div>\n\t\t\t\t<div class=\"elementor-element elementor-element-2cd7d62 elementor-widget elementor-widget-text-editor\" data-id=\"2cd7d62\" data-element_type=\"widget\" data-widget_type=\"text-editor.default\">\n\t\t\t\t<div class=\"elementor-widget-container\">\n\t\t\t\t\t\t\t\t\t<p>Inscrivez-vous pour recevoir notre lettre d\u2019information.<\/p>\n\t\t\t\t\t\t\t\t<\/div>\n\t\t\t\t<\/div>\n\t\t\t\t<div class=\"elementor-element elementor-element-4d34537 main__button--arrow main__button--arrowonlight elementor-align-left elementor-widget elementor-widget-button\" data-id=\"4d34537\" data-element_type=\"widget\" data-widget_type=\"button.default\">\n\t\t\t\t<div class=\"elementor-widget-container\">\n\t\t\t\t\t\t\t\t\t<div class=\"elementor-button-wrapper\">\n\t\t\t\t\t<a class=\"elementor-button elementor-button-link elementor-size-sm\" href=\"#\">\n\t\t\t\t\t\t<span class=\"elementor-button-content-wrapper\">\n\t\t\t\t\t\t\t\t\t<span class=\"elementor-button-text\">S\u2019INSCRIRE<\/span>\n\t\t\t\t\t<\/span>\n\t\t\t\t\t<\/a>\n\t\t\t\t<\/div>\n\t\t\t\t\t\t\t\t<\/div>\n\t\t\t\t<\/div>\n\t\t\t\t\t<\/div>\n\t\t\t\t<\/div>\n\t\t\t\t<div class=\"elementor-element elementor-element-6f4b27d elementor-invisible elementor-widget elementor-widget-image\" data-id=\"6f4b27d\" data-element_type=\"widget\" data-settings=\"{&quot;motion_fx_motion_fx_scrolling&quot;:&quot;yes&quot;,&quot;motion_fx_scale_effect&quot;:&quot;yes&quot;,&quot;motion_fx_devices&quot;:[&quot;desktop&quot;,&quot;tablet&quot;],&quot;motion_fx_range&quot;:&quot;viewport&quot;,&quot;_animation&quot;:&quot;fadeIn&quot;,&quot;_animation_delay&quot;:0.6,&quot;motion_fx_scale_direction&quot;:&quot;in-out&quot;,&quot;motion_fx_scale_range&quot;:{&quot;unit&quot;:&quot;%&quot;,&quot;size&quot;:&quot;&quot;,&quot;sizes&quot;:{&quot;start&quot;:0,&quot;end&quot;:100}},&quot;motion_fx_scale_speed&quot;:{&quot;unit&quot;:&quot;px&quot;,&quot;size&quot;:4,&quot;sizes&quot;:[]}}\" data-widget_type=\"image.default\">\n\t\t\t\t<div class=\"elementor-widget-container\">\n\t\t\t\t\t\t\t\t\t\t\t\t\t\t\t<img fetchpriority=\"high\" decoding=\"async\" width=\"800\" height=\"436\" src=\"https:\/\/mmdsteel.com\/wp-content\/uploads\/2024\/02\/newsletter_mockup-1024x558.png\" class=\"attachment-large size-large wp-image-1617\" alt=\"\" srcset=\"https:\/\/mmdsteel.com\/wp-content\/uploads\/2024\/02\/newsletter_mockup-1024x558.png 1024w, https:\/\/mmdsteel.com\/wp-content\/uploads\/2024\/02\/newsletter_mockup-300x164.png 300w, https:\/\/mmdsteel.com\/wp-content\/uploads\/2024\/02\/newsletter_mockup-768x419.png 768w, https:\/\/mmdsteel.com\/wp-content\/uploads\/2024\/02\/newsletter_mockup.png 1236w\" sizes=\"(max-width: 800px) 100vw, 800px\" \/>\t\t\t\t\t\t\t\t\t\t\t\t\t\t\t<\/div>\n\t\t\t\t<\/div>\n\t\t\t\t\t<\/div>\n\t\t\t\t<\/div>\n\t\t\t\t\t<\/div>\n\t\t\t\t<\/div>\n\t\t\t\t<\/div>\n\t\t","protected":false},"excerpt":{"rendered":"<p>Nos Talents MMD favorise l\u2019\u00e9mergence d\u2019une main-d\u2019\u0153uvre locale qualifi\u00e9e et donne aux gens les moyens de construire leur avenir. MMD cr\u00e9e des moyens de subsistance durables pour les populations africaines en recrutant, en formant et en autonomisant les travailleurs locaux dans nos usines de fabrication en Angola, au B\u00e9nin, au Burkina Faso, au Burundi, en [&hellip;]<\/p>\n","protected":false},"author":1,"featured_media":0,"parent":0,"menu_order":0,"comment_status":"closed","ping_status":"closed","template":"","meta":{"footnotes":""},"class_list":["post-1696","page","type-page","status-publish","hentry"],"_links":{"self":[{"href":"https:\/\/mmdsteel.com\/fr\/wp-json\/wp\/v2\/pages\/1696","targetHints":{"allow":["GET"]}}],"collection":[{"href":"https:\/\/mmdsteel.com\/fr\/wp-json\/wp\/v2\/pages"}],"about":[{"href":"https:\/\/mmdsteel.com\/fr\/wp-json\/wp\/v2\/types\/page"}],"author":[{"embeddable":true,"href":"https:\/\/mmdsteel.com\/fr\/wp-json\/wp\/v2\/users\/1"}],"replies":[{"embeddable":true,"href":"https:\/\/mmdsteel.com\/fr\/wp-json\/wp\/v2\/comments?post=1696"}],"version-history":[{"count":13,"href":"https:\/\/mmdsteel.com\/fr\/wp-json\/wp\/v2\/pages\/1696\/revisions"}],"predecessor-version":[{"id":2074,"href":"https:\/\/mmdsteel.com\/fr\/wp-json\/wp\/v2\/pages\/1696\/revisions\/2074"}],"wp:attachment":[{"href":"https:\/\/mmdsteel.com\/fr\/wp-json\/wp\/v2\/media?parent=1696"}],"curies":[{"name":"wp","href":"https:\/\/api.w.org\/{rel}","templated":true}]}}